{"id":5423,"date":"2023-07-14T11:18:01","date_gmt":"2023-07-14T14:18:01","guid":{"rendered":"https:\/\/estrelavelha.rs.gov.br\/portal\/?page_id=5423"},"modified":"2023-07-19T14:26:41","modified_gmt":"2023-07-19T17:26:41","slug":"estrutura-organizacional","status":"publish","type":"page","link":"https:\/\/estrelavelha.rs.gov.br\/portal\/estrutura-organizacional\/","title":{"rendered":"Estrutura Organizacional"},"content":{"rendered":"\t\t<div data-elementor-type=\"wp-page\" data-elementor-id=\"5423\" class=\"elementor elementor-5423\">\n\t\t\t\t\t\t\t\t\t<section class=\"elementor-section elementor-top-section elementor-element elementor-element-f8c22ad elementor-section-boxed elementor-section-height-default elementor-section-height-default\" data-id=\"f8c22ad\" data-element_type=\"section\">\n\t\t\t\t\t\t<div class=\"elementor-container elementor-column-gap-default\">\n\t\t\t\t\t<div class=\"elementor-column elementor-col-100 elementor-top-column elementor-element elementor-element-90dc651\" data-id=\"90dc651\" data-element_type=\"column\">\n\t\t\t<div class=\"elementor-widget-wrap elementor-element-populated\">\n\t\t\t\t\t\t\t\t<div class=\"elementor-element elementor-element-d1a6eaf elementor-widget elementor-widget-text-editor\" data-id=\"d1a6eaf\" data-element_type=\"widget\" data-widget_type=\"text-editor.default\">\n\t\t\t\t<div class=\"elementor-widget-container\">\n\t\t\t<style>\/*! elementor - v3.14.0 - 26-06-2023 *\/\n.elementor-widget-text-editor.elementor-drop-cap-view-stacked .elementor-drop-cap{background-color:#69727d;color:#fff}.elementor-widget-text-editor.elementor-drop-cap-view-framed .elementor-drop-cap{color:#69727d;border:3px solid;background-color:transparent}.elementor-widget-text-editor:not(.elementor-drop-cap-view-default) .elementor-drop-cap{margin-top:8px}.elementor-widget-text-editor:not(.elementor-drop-cap-view-default) .elementor-drop-cap-letter{width:1em;height:1em}.elementor-widget-text-editor .elementor-drop-cap{float:left;text-align:center;line-height:1;font-size:50px}.elementor-widget-text-editor .elementor-drop-cap-letter{display:inline-block}<\/style>\t\t\t\t<p>Segue abaixo a Estrutura Organizacional regulamentada pela <a href=\"https:\/\/estrelavelha.rs.gov.br\/portal\/wp-content\/uploads\/2023\/07\/ORD-415-2002-estrela-velha-RS-1.pdf\">Lei Municipal<\/a>\u00a0que Disp\u00f5e Sobre a Estrutura Organizacional e define a Estrutura Administrativa do Poder Executivo do Munic\u00edpio de Passa Sete. Clique sobre o local desejado para exibir mais informa\u00e7\u00f5es atendimento e not\u00edcias<\/p>\t\t\t\t\t\t<\/div>\n\t\t\t\t<\/div>\n\t\t\t\t\t<\/div>\n\t\t<\/div>\n\t\t\t\t\t\t\t<\/div>\n\t\t<\/section>\n\t\t\t\t<section class=\"elementor-section elementor-top-section elementor-element elementor-element-a2bb941 elementor-section-boxed elementor-section-height-default elementor-section-height-default\" data-id=\"a2bb941\" data-element_type=\"section\">\n\t\t\t\t\t\t<div class=\"elementor-container elementor-column-gap-default\">\n\t\t\t\t\t<div class=\"elementor-column elementor-col-100 elementor-top-column elementor-element elementor-element-6006516\" data-id=\"6006516\" data-element_type=\"column\">\n\t\t\t<div class=\"elementor-widget-wrap elementor-element-populated\">\n\t\t\t\t\t\t\t\t<div class=\"elementor-element elementor-element-2e537bc elementor-widget elementor-widget-text-editor\" data-id=\"2e537bc\" data-element_type=\"widget\" data-widget_type=\"text-editor.default\">\n\t\t\t\t<div class=\"elementor-widget-container\">\n\t\t\t\t\t\t\t<p><img decoding=\"async\" loading=\"lazy\" class=\"alignnone wp-image-5597 size-full\" src=\"https:\/\/estrelavelha.rs.gov.br\/portal\/wp-content\/uploads\/2023\/07\/Estrutura-Organizacional-Estrela-Velha.jpg\" alt=\"\" width=\"1280\" height=\"720\" srcset=\"https:\/\/estrelavelha.rs.gov.br\/portal\/wp-content\/uploads\/2023\/07\/Estrutura-Organizacional-Estrela-Velha.jpg 1280w, https:\/\/estrelavelha.rs.gov.br\/portal\/wp-content\/uploads\/2023\/07\/Estrutura-Organizacional-Estrela-Velha-300x169.jpg 300w, https:\/\/estrelavelha.rs.gov.br\/portal\/wp-content\/uploads\/2023\/07\/Estrutura-Organizacional-Estrela-Velha-1024x576.jpg 1024w, https:\/\/estrelavelha.rs.gov.br\/portal\/wp-content\/uploads\/2023\/07\/Estrutura-Organizacional-Estrela-Velha-768x432.jpg 768w, https:\/\/estrelavelha.rs.gov.br\/portal\/wp-content\/uploads\/2023\/07\/Estrutura-Organizacional-Estrela-Velha-260x146.jpg 260w, https:\/\/estrelavelha.rs.gov.br\/portal\/wp-content\/uploads\/2023\/07\/Estrutura-Organizacional-Estrela-Velha-50x28.jpg 50w, https:\/\/estrelavelha.rs.gov.br\/portal\/wp-content\/uploads\/2023\/07\/Estrutura-Organizacional-Estrela-Velha-133x75.jpg 133w\" sizes=\"(max-width: 1280px) 100vw, 1280px\" \/><\/p>\t\t\t\t\t\t<\/div>\n\t\t\t\t<\/div>\n\t\t\t\t\t<\/div>\n\t\t<\/div>\n\t\t\t\t\t\t\t<\/div>\n\t\t<\/section>\n\t\t\t\t\t\t\t<\/div>\n\t\t","protected":false},"excerpt":{"rendered":"<p>Segue abaixo a Estrutura Organizacional regulamentada pela Lei Municipal\u00a0que Disp\u00f5e Sobre a Estrutura Organizacional e define a Estrutura Administrativa do Poder Executivo do Munic\u00edpio de Passa<span class=\"excerpt-hellip\"> [\u2026]<\/span><\/p>\n","protected":false},"author":4,"featured_media":0,"parent":0,"menu_order":0,"comment_status":"closed","ping_status":"closed","template":"","meta":[],"_links":{"self":[{"href":"https:\/\/estrelavelha.rs.gov.br\/portal\/wp-json\/wp\/v2\/pages\/5423"}],"collection":[{"href":"https:\/\/estrelavelha.rs.gov.br\/portal\/wp-json\/wp\/v2\/pages"}],"about":[{"href":"https:\/\/estrelavelha.rs.gov.br\/portal\/wp-json\/wp\/v2\/types\/page"}],"author":[{"embeddable":true,"href":"https:\/\/estrelavelha.rs.gov.br\/portal\/wp-json\/wp\/v2\/users\/4"}],"replies":[{"embeddable":true,"href":"https:\/\/estrelavelha.rs.gov.br\/portal\/wp-json\/wp\/v2\/comments?post=5423"}],"version-history":[{"count":10,"href":"https:\/\/estrelavelha.rs.gov.br\/portal\/wp-json\/wp\/v2\/pages\/5423\/revisions"}],"predecessor-version":[{"id":5600,"href":"https:\/\/estrelavelha.rs.gov.br\/portal\/wp-json\/wp\/v2\/pages\/5423\/revisions\/5600"}],"wp:attachment":[{"href":"https:\/\/estrelavelha.rs.gov.br\/portal\/wp-json\/wp\/v2\/media?parent=5423"}],"curies":[{"name":"wp","href":"https:\/\/api.w.org\/{rel}","templated":true}]}}