{"id":5085,"date":"2023-02-07T10:00:45","date_gmt":"2023-02-07T13:00:45","guid":{"rendered":"https:\/\/estrelavelha.rs.gov.br\/portal\/?page_id=5085"},"modified":"2023-02-07T17:14:48","modified_gmt":"2023-02-07T20:14:48","slug":"cacs","status":"publish","type":"page","link":"https:\/\/estrelavelha.rs.gov.br\/portal\/cacs\/","title":{"rendered":"CACS"},"content":{"rendered":"<div class=\"sdm_download_item \"><div class=\"sdm_download_item_top\"><div class=\"sdm_download_thumbnail\"><\/div><div class=\"sdm_download_title\">Portaria N\u00ba 115, de 26 de mar\u00e7o de 2024.<\/div><\/div><div style=\"clear:both;\"><\/div><div class=\"sdm_download_description\"><p>Altera a composi\u00e7\u00e3o do Conselho Municipal de Acompanhamento e de Controle Social do Fundo de manuten\u00e7\u00e3o e Desenvolvimento da Educa\u00e7\u00e3o B\u00e1sica.<\/p>\n<\/div><div class=\"sdm_download_link\"><span class=\"sdm_download_button\"><a href=\"https:\/\/estrelavelha.rs.gov.br\/portal\/?sdm_process_download=1&download_id=5963\" class=\"sdm_download grey\" title=\"Portaria N\u00ba 115, de 26 de mar\u00e7o de 2024.\" target=\"_self\">Baixar agora!<\/a><\/span><span class=\"sdm_download_item_count\"><span class=\"sdm_item_count_number\">492<\/span><span class=\"sdm_item_count_string\"> Downloads<\/span><\/span><\/div><\/div><div class=\"sdm_download_item \"><div class=\"sdm_download_item_top\"><div class=\"sdm_download_thumbnail\"><\/div><div class=\"sdm_download_title\">Portaria N\u00ba 009, de 11 de janeiro de 2023<\/div><\/div><div style=\"clear:both;\"><\/div><div class=\"sdm_download_description\"><p>Nomeia o Conselho Municipal de Acompanhamento e de Controle Social do Fundo de Manuten\u00e7\u00e3o e Desenvolvimento da Educa\u00e7\u00e3o B\u00e1sica, conforme especifica.<\/p>\n<\/div><div class=\"sdm_download_link\"><span class=\"sdm_download_button\"><a href=\"https:\/\/estrelavelha.rs.gov.br\/portal\/?sdm_process_download=1&download_id=5961\" class=\"sdm_download grey\" title=\"Portaria N\u00ba 009, de 11 de janeiro de 2023\" target=\"_self\">Baixar agora!<\/a><\/span><span class=\"sdm_download_item_count\"><span class=\"sdm_item_count_number\">413<\/span><span class=\"sdm_item_count_string\"> Downloads<\/span><\/span><\/div><\/div><div class=\"sdm_download_item \"><div class=\"sdm_download_item_top\"><div class=\"sdm_download_thumbnail\"><\/div><div class=\"sdm_download_title\">Decreto N\u00b0 2.265, de 21 de dezembro de 2021<\/div><\/div><div style=\"clear:both;\"><\/div><div class=\"sdm_download_description\"><p>Aprova o Regimento Interno do Conselho Municipal de Acompanhamento e de Controle Social do Fundo de Manuten\u00e7\u00e3o e Desenvolvimento da Educa\u00e7\u00e3o B\u00e1sica e de Valoriza\u00e7\u00e3o dos Profissionais da Educa\u00e7\u00e3o &#8211; FUNDEB<\/p>\n<\/div><div class=\"sdm_download_link\"><span class=\"sdm_download_button\"><a href=\"https:\/\/estrelavelha.rs.gov.br\/portal\/?sdm_process_download=1&download_id=5093\" class=\"sdm_download grey\" title=\"Decreto N\u00b0 2.265, de 21 de dezembro de 2021\" target=\"_self\">Baixar agora!<\/a><\/span><span class=\"sdm_download_item_count\"><span class=\"sdm_item_count_number\">516<\/span><span class=\"sdm_item_count_string\"> Downloads<\/span><\/span><\/div><\/div><div class=\"sdm_download_item \"><div class=\"sdm_download_item_top\"><div class=\"sdm_download_thumbnail\"><\/div><div class=\"sdm_download_title\">Lei Municipal N\u00ba 1.438, de 24 de mar\u00e7o de 2021<\/div><\/div><div style=\"clear:both;\"><\/div><div class=\"sdm_download_description\"><p>Cria o Conselho Municipal de Acompanhamento e de Controle Social do Fundo de Manuten\u00e7\u00e3o e Desenvolvimento da Educa\u00e7\u00e3o B\u00e1sica e de Valoriza\u00e7\u00e3o dos Profissionais da Educa\u00e7\u00e3o \u2013 Fundeb de que trata a Lei Federal n\u00ba 14.113, de 25 de dezembro de 2020, e d\u00e1 outras provid\u00eancias.<\/p>\n<\/div><div class=\"sdm_download_link\"><span class=\"sdm_download_button\"><a href=\"https:\/\/estrelavelha.rs.gov.br\/portal\/?sdm_process_download=1&download_id=5090\" class=\"sdm_download grey\" title=\"Lei Municipal N\u00ba 1.438, de 24 de mar\u00e7o de 2021\" target=\"_self\">Baixar agora!<\/a><\/span><span class=\"sdm_download_item_count\"><span class=\"sdm_item_count_number\">474<\/span><span class=\"sdm_item_count_string\"> Downloads<\/span><\/span><\/div><\/div><div class=\"sdm_clear_float\"><\/div><div class=\"sdm_pagination\"><\/div>\n","protected":false},"excerpt":{"rendered":"Portaria N\u00ba 115, de 26 de mar\u00e7o de 2024.Altera a composi\u00e7\u00e3o do Conselho Municipal de Acompanhamento e de Controle Social do Fundo de manuten\u00e7\u00e3o e Desenvolvimento<span class=\"excerpt-hellip\"> [\u2026]<\/span>","protected":false},"author":1,"featured_media":0,"parent":0,"menu_order":0,"comment_status":"closed","ping_status":"closed","template":"","meta":[],"_links":{"self":[{"href":"https:\/\/estrelavelha.rs.gov.br\/portal\/wp-json\/wp\/v2\/pages\/5085"}],"collection":[{"href":"https:\/\/estrelavelha.rs.gov.br\/portal\/wp-json\/wp\/v2\/pages"}],"about":[{"href":"https:\/\/estrelavelha.rs.gov.br\/portal\/wp-json\/wp\/v2\/types\/page"}],"author":[{"embeddable":true,"href":"https:\/\/estrelavelha.rs.gov.br\/portal\/wp-json\/wp\/v2\/users\/1"}],"replies":[{"embeddable":true,"href":"https:\/\/estrelavelha.rs.gov.br\/portal\/wp-json\/wp\/v2\/comments?post=5085"}],"version-history":[{"count":3,"href":"https:\/\/estrelavelha.rs.gov.br\/portal\/wp-json\/wp\/v2\/pages\/5085\/revisions"}],"predecessor-version":[{"id":5095,"href":"https:\/\/estrelavelha.rs.gov.br\/portal\/wp-json\/wp\/v2\/pages\/5085\/revisions\/5095"}],"wp:attachment":[{"href":"https:\/\/estrelavelha.rs.gov.br\/portal\/wp-json\/wp\/v2\/media?parent=5085"}],"curies":[{"name":"wp","href":"https:\/\/api.w.org\/{rel}","templated":true}]}}