{"id":3716,"date":"2021-08-23T11:12:21","date_gmt":"2021-08-23T14:12:21","guid":{"rendered":"https:\/\/estrelavelha.rs.gov.br\/portal\/?page_id=3716"},"modified":"2021-08-23T11:12:22","modified_gmt":"2021-08-23T14:12:22","slug":"registro-de-sobra-de-vacinas","status":"publish","type":"page","link":"https:\/\/estrelavelha.rs.gov.br\/portal\/registro-de-sobra-de-vacinas\/","title":{"rendered":"Registro de Sobra de Vacinas"},"content":{"rendered":"\n<p>O munic\u00edpio de Estrela Velha, n\u00e3o registrou sobra de Vacinas. As Vacinas s\u00e3o aplicadas at\u00e9 \u00e0s 16hs livre demanda ou sob agendamento. Como sendo um munic\u00edpio pequeno com 100% de cobertura de ESF e ACS se sobrar doses \u00e9 feito busca ativa de pacientes para receber o imunobiol\u00f3gico (do mesmo grupo priorit\u00e1rio e\/ou baixamos a faixa et\u00e1ria).<\/p>\n","protected":false},"excerpt":{"rendered":"<p>O munic\u00edpio de Estrela Velha, n\u00e3o registrou sobra de Vacinas. As Vacinas s\u00e3o aplicadas at\u00e9 \u00e0s 16hs livre demanda ou sob agendamento. Como sendo um munic\u00edpio<span class=\"excerpt-hellip\"> [\u2026]<\/span><\/p>\n","protected":false},"author":4,"featured_media":0,"parent":0,"menu_order":0,"comment_status":"closed","ping_status":"closed","template":"","meta":[],"_links":{"self":[{"href":"https:\/\/estrelavelha.rs.gov.br\/portal\/wp-json\/wp\/v2\/pages\/3716"}],"collection":[{"href":"https:\/\/estrelavelha.rs.gov.br\/portal\/wp-json\/wp\/v2\/pages"}],"about":[{"href":"https:\/\/estrelavelha.rs.gov.br\/portal\/wp-json\/wp\/v2\/types\/page"}],"author":[{"embeddable":true,"href":"https:\/\/estrelavelha.rs.gov.br\/portal\/wp-json\/wp\/v2\/users\/4"}],"replies":[{"embeddable":true,"href":"https:\/\/estrelavelha.rs.gov.br\/portal\/wp-json\/wp\/v2\/comments?post=3716"}],"version-history":[{"count":1,"href":"https:\/\/estrelavelha.rs.gov.br\/portal\/wp-json\/wp\/v2\/pages\/3716\/revisions"}],"predecessor-version":[{"id":3717,"href":"https:\/\/estrelavelha.rs.gov.br\/portal\/wp-json\/wp\/v2\/pages\/3716\/revisions\/3717"}],"wp:attachment":[{"href":"https:\/\/estrelavelha.rs.gov.br\/portal\/wp-json\/wp\/v2\/media?parent=3716"}],"curies":[{"name":"wp","href":"https:\/\/api.w.org\/{rel}","templated":true}]}}