{"id":3633,"date":"2021-08-10T20:22:27","date_gmt":"2021-08-10T23:22:27","guid":{"rendered":"https:\/\/estrelavelha.rs.gov.br\/portal\/?page_id=3633"},"modified":"2022-07-15T10:53:59","modified_gmt":"2022-07-15T13:53:59","slug":"painel-de-vacinas-covid-19","status":"publish","type":"page","link":"https:\/\/estrelavelha.rs.gov.br\/portal\/painel-de-vacinas-covid-19\/","title":{"rendered":"Painel de Vacinas COVID-19"},"content":{"rendered":"\n<p>O painel de vacinas \u00e9 atualizado semanalmente.<\/p>\n\n\n\n<p>A Secretaria Municipal de Sa\u00fade de Estrela Velha realizou 9090 vacinas contra Covid-19, at\u00e9 esta ter\u00e7a-feira, 12 de julho. Dessas, 2736 foram em primeira dose; 2705 em segunda dose; 2252 em terceira dose; 770 em quarta dose para idosos; 91 em dose \u00fanica; 81 doses refor\u00e7o da dose \u00fanica; 233 primeiras doses pedi\u00e1tricas; e 222 segundas doses pedi\u00e1tricas.<br>Com isso, Estrela Velha conta com 85% da popula\u00e7\u00e3o vacinada com a primeira dose, 82,29% da popula\u00e7\u00e3o com a segunda dose, 61,61% da popula\u00e7\u00e3o com a dose refor\u00e7o e 21,06% da popula\u00e7\u00e3o com a quarta dose.<\/p>\n\n\n\n<figure class=\"wp-block-gallery aligncenter columns-1 is-cropped wp-block-gallery-1 is-layout-flex\"><ul class=\"blocks-gallery-grid\"><li class=\"blocks-gallery-item\"><figure><img decoding=\"async\" loading=\"lazy\" width=\"1024\" height=\"1024\" src=\"https:\/\/estrelavelha.rs.gov.br\/portal\/wp-content\/uploads\/2022\/07\/vacinometro-12.07-1024x1024.png\" alt=\"\" data-id=\"4876\" data-full-url=\"https:\/\/estrelavelha.rs.gov.br\/portal\/wp-content\/uploads\/2022\/07\/vacinometro-12.07.png\" data-link=\"https:\/\/estrelavelha.rs.gov.br\/portal\/painel-de-vacinas-covid-19\/vacinometro-12-07\/\" class=\"wp-image-4876\" srcset=\"https:\/\/estrelavelha.rs.gov.br\/portal\/wp-content\/uploads\/2022\/07\/vacinometro-12.07-1024x1024.png 1024w, https:\/\/estrelavelha.rs.gov.br\/portal\/wp-content\/uploads\/2022\/07\/vacinometro-12.07-300x300.png 300w, https:\/\/estrelavelha.rs.gov.br\/portal\/wp-content\/uploads\/2022\/07\/vacinometro-12.07-150x150.png 150w, https:\/\/estrelavelha.rs.gov.br\/portal\/wp-content\/uploads\/2022\/07\/vacinometro-12.07-768x768.png 768w, https:\/\/estrelavelha.rs.gov.br\/portal\/wp-content\/uploads\/2022\/07\/vacinometro-12.07-146x146.png 146w, https:\/\/estrelavelha.rs.gov.br\/portal\/wp-content\/uploads\/2022\/07\/vacinometro-12.07-50x50.png 50w, https:\/\/estrelavelha.rs.gov.br\/portal\/wp-content\/uploads\/2022\/07\/vacinometro-12.07-75x75.png 75w, https:\/\/estrelavelha.rs.gov.br\/portal\/wp-content\/uploads\/2022\/07\/vacinometro-12.07-85x85.png 85w, https:\/\/estrelavelha.rs.gov.br\/portal\/wp-content\/uploads\/2022\/07\/vacinometro-12.07-80x80.png 80w, https:\/\/estrelavelha.rs.gov.br\/portal\/wp-content\/uploads\/2022\/07\/vacinometro-12.07.png 1080w\" sizes=\"(max-width: 1024px) 100vw, 1024px\" \/><\/figure><\/li><\/ul><\/figure>\n\n\n\n<p><strong>Doses aplicadas no munic\u00edpio<\/strong>:<\/p>\n\n\n\n<figure class=\"wp-block-table\"><table class=\"has-fixed-layout\"><tbody><tr><td><strong>Faixa Et\u00e1ria<\/strong><\/td><td><strong>1\u00aa dose<\/strong><br>(D1)<\/td><td><strong>2\u00aa dose<\/strong><br>(D2)<\/td><td><strong>Dose Refor\u00e7o<\/strong> (D3)<\/td><td><strong>2\u00aa Dose Refor\u00e7o<\/strong><br>(D4)<\/td><td><strong>Dose \u00danica<\/strong><\/td><td><strong>Dose Adicional<\/strong><\/td><td><strong>Total<\/strong><\/td><\/tr><tr><td>05 a 11<\/td><td>217<\/td><td>187<\/td><td>0<\/td><td>0<\/td><td>0<\/td><td>0<\/td><td>404<\/td><\/tr><tr><td>12 a 17<\/td><td>259<\/td><td>249<\/td><td>0<\/td><td>0<\/td><td>0<\/td><td>0<\/td><td>508<\/td><\/tr><tr><td>18 a 79<\/td><td>2459<\/td><td>2409<\/td><td>2149<\/td><td>483<\/td><td>96<\/td><td>13<\/td><td>7609<\/td><\/tr><tr><td>80 e mais<\/td><td>67<\/td><td>65<\/td><td>61<\/td><td>54<\/td><td>1<\/td><td>1<\/td><td>249<\/td><\/tr><\/tbody><\/table><\/figure>\n\n\n\n<p><\/p>\n","protected":false},"excerpt":{"rendered":"<p>O painel de vacinas \u00e9 atualizado semanalmente. A Secretaria Municipal de Sa\u00fade de Estrela Velha realizou 9090 vacinas contra Covid-19, at\u00e9 esta ter\u00e7a-feira, 12 de julho.<span class=\"excerpt-hellip\"> [\u2026]<\/span><\/p>\n","protected":false},"author":1,"featured_media":0,"parent":0,"menu_order":0,"comment_status":"closed","ping_status":"closed","template":"","meta":[],"_links":{"self":[{"href":"https:\/\/estrelavelha.rs.gov.br\/portal\/wp-json\/wp\/v2\/pages\/3633"}],"collection":[{"href":"https:\/\/estrelavelha.rs.gov.br\/portal\/wp-json\/wp\/v2\/pages"}],"about":[{"href":"https:\/\/estrelavelha.rs.gov.br\/portal\/wp-json\/wp\/v2\/types\/page"}],"author":[{"embeddable":true,"href":"https:\/\/estrelavelha.rs.gov.br\/portal\/wp-json\/wp\/v2\/users\/1"}],"replies":[{"embeddable":true,"href":"https:\/\/estrelavelha.rs.gov.br\/portal\/wp-json\/wp\/v2\/comments?post=3633"}],"version-history":[{"count":46,"href":"https:\/\/estrelavelha.rs.gov.br\/portal\/wp-json\/wp\/v2\/pages\/3633\/revisions"}],"predecessor-version":[{"id":4877,"href":"https:\/\/estrelavelha.rs.gov.br\/portal\/wp-json\/wp\/v2\/pages\/3633\/revisions\/4877"}],"wp:attachment":[{"href":"https:\/\/estrelavelha.rs.gov.br\/portal\/wp-json\/wp\/v2\/media?parent=3633"}],"curies":[{"name":"wp","href":"https:\/\/api.w.org\/{rel}","templated":true}]}}