{"id":3626,"date":"2021-08-10T20:12:24","date_gmt":"2021-08-10T23:12:24","guid":{"rendered":"https:\/\/estrelavelha.rs.gov.br\/portal\/?page_id=3626"},"modified":"2021-08-24T09:13:13","modified_gmt":"2021-08-24T12:13:13","slug":"ouvidoria","status":"publish","type":"page","link":"https:\/\/estrelavelha.rs.gov.br\/portal\/ouvidoria\/","title":{"rendered":"Ouvidoria Covid19"},"content":{"rendered":"\n<p>OUVIDORIA<br>A Ouvidoria \u00e9 um espa\u00e7o de cidadania e de comunica\u00e7\u00e3o entre o cidad\u00e3o e a gest\u00e3o o qual garante as manifesta\u00e7\u00f5es e contribui\u00e7\u00f5es da popula\u00e7\u00e3o, buscando a melhoria da qualidade dos servi\u00e7os de sa\u00fade, permitindo a constru\u00e7\u00e3o de uma sociedade mais informada e participativa.<br>Aqui voc\u00ea pode manifestar suas reclama\u00e7\u00f5es, sugest\u00f5es, solicita\u00e7\u00f5es, den\u00fancias, elogios, bem como solicitar informa\u00e7\u00f5es relativas \u00e0 sa\u00fade.<\/p>\n\n\n\n<p>Telefone Ouvidoria SES\/RS: 0800 6450 644<br>E-mail: ouvidoria-sus@saude.rs.gov.br<br>Links: Registre aqui a sua manifesta\u00e7\u00e3o (<a href=\"http:\/\/ouvprod01.saude.gov.br\/ouvidor\/CadastroDemandaPortal.do\" target=\"_blank\" rel=\"noreferrer noopener\">http:\/\/ouvprod01.saude.gov.br\/ouvidor\/CadastroDemandaPortal.do<\/a>) ou Acompanhe aqui a sua manifesta\u00e7\u00e3o (<a href=\"http:\/\/ouvprod01.saude.gov.br\/ouvidor\/AcompanhamentoDemandaPortal.do\" target=\"_blank\" rel=\"noreferrer noopener\">http:\/\/ouvprod01.saude.gov.br\/ouvidor\/AcompanhamentoDemandaPortal.do<\/a>)<\/p>\n\n\n\n<p>Telefone da Ouvidoria SUS Municipal: 51 3616 7012 E-mail Ouvidoria SUS Municipal: ouvidoria@estrelavelha.rs.gov.br<\/p>\n\n\n\n<p>Telefone Ouvidoria Municipal Fala.BR Estrela Velha (Controladoria Geral da Uni\u00e3o): 51 3616 7012<br>Link:<a href=\"https:\/\/falabr.cgu.gov.br\/publico\/RS\/EstrelaVelha\/Manifestacao\/RegistrarManifestacao\" target=\"_blank\" rel=\"noreferrer noopener\">https:\/\/falabr.cgu.gov.br\/publico\/RS\/EstrelaVelha\/Manifestacao\/RegistrarManifestacao<\/a><\/p>\n","protected":false},"excerpt":{"rendered":"<p>OUVIDORIAA Ouvidoria \u00e9 um espa\u00e7o de cidadania e de comunica\u00e7\u00e3o entre o cidad\u00e3o e a gest\u00e3o o qual garante as manifesta\u00e7\u00f5es e contribui\u00e7\u00f5es da popula\u00e7\u00e3o, buscando<span class=\"excerpt-hellip\"> [\u2026]<\/span><\/p>\n","protected":false},"author":1,"featured_media":0,"parent":0,"menu_order":0,"comment_status":"closed","ping_status":"closed","template":"","meta":[],"_links":{"self":[{"href":"https:\/\/estrelavelha.rs.gov.br\/portal\/wp-json\/wp\/v2\/pages\/3626"}],"collection":[{"href":"https:\/\/estrelavelha.rs.gov.br\/portal\/wp-json\/wp\/v2\/pages"}],"about":[{"href":"https:\/\/estrelavelha.rs.gov.br\/portal\/wp-json\/wp\/v2\/types\/page"}],"author":[{"embeddable":true,"href":"https:\/\/estrelavelha.rs.gov.br\/portal\/wp-json\/wp\/v2\/users\/1"}],"replies":[{"embeddable":true,"href":"https:\/\/estrelavelha.rs.gov.br\/portal\/wp-json\/wp\/v2\/comments?post=3626"}],"version-history":[{"count":3,"href":"https:\/\/estrelavelha.rs.gov.br\/portal\/wp-json\/wp\/v2\/pages\/3626\/revisions"}],"predecessor-version":[{"id":3742,"href":"https:\/\/estrelavelha.rs.gov.br\/portal\/wp-json\/wp\/v2\/pages\/3626\/revisions\/3742"}],"wp:attachment":[{"href":"https:\/\/estrelavelha.rs.gov.br\/portal\/wp-json\/wp\/v2\/media?parent=3626"}],"curies":[{"name":"wp","href":"https:\/\/api.w.org\/{rel}","templated":true}]}}