{"id":3623,"date":"2021-08-10T19:59:47","date_gmt":"2021-08-10T22:59:47","guid":{"rendered":"https:\/\/estrelavelha.rs.gov.br\/portal\/?page_id=3623"},"modified":"2022-01-17T16:01:07","modified_gmt":"2022-01-17T19:01:07","slug":"ordem-dos-grupos-prioritarios-com-quantitativos-de-pessoas","status":"publish","type":"page","link":"https:\/\/estrelavelha.rs.gov.br\/portal\/ordem-dos-grupos-prioritarios-com-quantitativos-de-pessoas\/","title":{"rendered":"Ordem dos grupos priorit\u00e1rios com quantitativos de pessoas"},"content":{"rendered":"\n<p>Vacina\u00e7\u00e3o\u00a0da\u00a0COVID\u00a019<\/p>\n\n\n\n<p>A partir de 01\/12\/21<br>D2 popula\u00e7\u00e3o geral<br>D3 trabalhadores de sa\u00fade e pessoas idosas<br>D1 adolescente de 12 anos<br>At\u00e9 dia 09\/01\/22 esses grupos<\/p>\n\n\n\n<p>10\/01\/22<br>D3 professores e trabalhadores da educa\u00e7\u00e3o no ESF1<\/p>\n\n\n\n<p>11\/01\/22<br>D2 de adolescentes 14\/13 anos<\/p>\n\n\n\n<p>12\/01\/22<br>D3 de pessoas vacinadas com a segunda dose de vacina da COVID at\u00e9 12 de setembro de 2021<\/p>\n\n\n\n<p>13 e 14\/01\/22<br>D3 de pessoas vacinadas com segunda dose da vacina da COVID 19 at\u00e9 13 e 14 de setembro<\/p>\n\n\n\n<p>Vacina\u00e7\u00e3o: Semana do dia 18\/10<br>D2 popula\u00e7\u00e3o geral<br>D3 trabalhadores de sa\u00fade<br>D1 adolescente de 14 e 13 anos<\/p>\n\n\n\n<p>P\u00fablico: Aplica\u00e7\u00e3o da D2<\/p>\n\n\n\n<p>Dia:&nbsp;15 e 16\/09\/21<br>Hor\u00e1rio:&nbsp;8h&nbsp;\u00e0s&nbsp;11:30h&nbsp;e&nbsp;13:15h&nbsp;\u00e0s&nbsp;16h<br>Local:&nbsp;Posto&nbsp;Sede&nbsp;ESF1&nbsp;e&nbsp;ESF2&nbsp;Ita\u00faba<br>Obrigat\u00f3rio:&nbsp;CPF&nbsp;e&nbsp;Carteira&nbsp;de&nbsp;Vacina<\/p>\n\n\n\n<p>P\u00fablico: Inicio dose refor\u00e7o popula\u00e7\u00e3o acima dos 70 anos<\/p>\n\n\n\n<p>Dia:&nbsp;17\/09\/21<br>Hor\u00e1rio:&nbsp;8h&nbsp;\u00e0s&nbsp;11:30h&nbsp;e&nbsp;13:15h&nbsp;\u00e0s&nbsp;16h<br>Local:&nbsp;Posto&nbsp;Sede&nbsp;ESF1&nbsp;e&nbsp;ESF2&nbsp;Ita\u00faba<br>Obrigat\u00f3rio:&nbsp;CPF&nbsp;e&nbsp;Carteira&nbsp;de&nbsp;Vacina<\/p>\n\n\n\n<p>P\u00fablico:&nbsp;Pessoas&nbsp;de&nbsp;17&nbsp;anos&nbsp;ou&nbsp;mais (faixa vigente)<br>Dia:&nbsp;17\/09\/21<br>Hor\u00e1rio:&nbsp;8h&nbsp;\u00e0s&nbsp;11:30h&nbsp;e&nbsp;13:15h&nbsp;\u00e0s&nbsp;16h<br>Local:&nbsp;Posto&nbsp;Sede&nbsp;ESF1&nbsp;e&nbsp;ESF2&nbsp;Ita\u00faba<br>Obrigat\u00f3rio:&nbsp;CPF&nbsp;e&nbsp;Carteira&nbsp;de&nbsp;Vacina<\/p>\n\n\n\n<p>&nbsp;&nbsp;  P\u00fablico: Pessoas de 18 anos ou mais (faixa vigente)<br>Dia: 23\/08\/21<br>Hor\u00e1rio: 8h \u00e0s 11:30h e 13:15h \u00e0s 16h<br>Local: Posto Sede ESF1 e ESF2 Ita\u00faba<br>Obrigat\u00f3rio: CPF e Carteira de Vacina<br>Com agendamento pr\u00e9vio pelos fones ESF1 Sede (51)36167027 ou (51)992633137<br>ESF2 de Ita\u00faba (51)36167314 ou (51)992630393<\/p>\n\n\n\n<p>&nbsp;P\u00fablico:&nbsp;Pessoas&nbsp;de&nbsp;18&nbsp;anos&nbsp;ou&nbsp;mais<br>Dia:&nbsp;19\/08\/21<br>Hor\u00e1rio:&nbsp;8h&nbsp;\u00e0s&nbsp;11:30h&nbsp;e&nbsp;13:15h&nbsp;\u00e0s&nbsp;16h<br>Local:&nbsp;Posto&nbsp;Sede&nbsp;ESF1&nbsp;e&nbsp;ESF2&nbsp;Ita\u00faba<br>Obrigat\u00f3rio:&nbsp;CPF&nbsp;e&nbsp;Carteira&nbsp;de&nbsp;Vacina<\/p>\n\n\n\n<p>&nbsp;&nbsp;P\u00fablico:&nbsp;Pessoas&nbsp;de&nbsp;20&nbsp;anos&nbsp;ou&nbsp;mais<br>Dia:&nbsp;17\/08\/21<br>Hor\u00e1rio:&nbsp;8h&nbsp;\u00e0s&nbsp;11:30h&nbsp;e&nbsp;13:15h&nbsp;\u00e0s&nbsp;16h<br>Local:&nbsp;Posto&nbsp;Sede&nbsp;ESF1&nbsp;e&nbsp;ESF2&nbsp;Ita\u00faba<br>Obrigat\u00f3rio:&nbsp;CPF&nbsp;e&nbsp;Carteira&nbsp;de&nbsp;Vacina<\/p>\n\n\n\n<p>&nbsp;P\u00fablico:&nbsp;Pessoas&nbsp;de&nbsp;22&nbsp;anos&nbsp;ou&nbsp;mais<br>Dia:&nbsp;11\/08\/21<br>Hor\u00e1rio:&nbsp;8h&nbsp;\u00e0s&nbsp;11:30h&nbsp;e&nbsp;13:15h&nbsp;\u00e0s&nbsp;16h<br>Local:&nbsp;Posto&nbsp;Sede&nbsp;ESF1&nbsp;e&nbsp;ESF2&nbsp;Ita\u00faba<br>Obrigat\u00f3rio:&nbsp;CPF&nbsp;e&nbsp;Carteira&nbsp;de&nbsp;Vacina<\/p>\n\n\n\n<p>&nbsp;P\u00fablico:&nbsp;Pessoas&nbsp;de&nbsp;25&nbsp;anos&nbsp;ou&nbsp;mais<br>Dia:&nbsp;09\/08\/21<br>Hor\u00e1rio:&nbsp;8h&nbsp;\u00e0s&nbsp;11:30h&nbsp;e&nbsp;13:15h&nbsp;\u00e0s&nbsp;16h&nbsp;e<br>Local:&nbsp;Posto&nbsp;Sede&nbsp;ESF1&nbsp;e&nbsp;ESF2&nbsp;Ita\u00faba<br>Obrigat\u00f3rio:&nbsp;CPF&nbsp;e&nbsp;Carteira&nbsp;de&nbsp;Vacina<\/p>\n\n\n\n<p>&nbsp;P\u00fablico:&nbsp;Pessoas&nbsp;de&nbsp;30&nbsp;anos&nbsp;ou&nbsp;mais<br>Dia:&nbsp;02\/08\/21<br>Hor\u00e1rio:&nbsp;8h&nbsp;\u00e0s&nbsp;11:30h&nbsp;e&nbsp;13:15h&nbsp;\u00e0s&nbsp;16h<br>Local:&nbsp;Posto&nbsp;Sede&nbsp;ESF1&nbsp;e&nbsp;ESF2&nbsp;Ita\u00faba<br>Obrigat\u00f3rio:&nbsp;CPF&nbsp;e&nbsp;Carteira&nbsp;de&nbsp;Vacina<\/p>\n\n\n\n<p>&nbsp;P\u00fablico:&nbsp;Pessoas&nbsp;com&nbsp;comorbidades<br>Dia:&nbsp;26\/07\/21<br>Hor\u00e1rio:&nbsp;8h&nbsp;\u00e0s&nbsp;11:30h&nbsp;e&nbsp;13:15h&nbsp;\u00e0s&nbsp;16h<br>Local:&nbsp;Posto&nbsp;de&nbsp;Sa\u00fade&nbsp;Sede&nbsp;ESF1<br>Obrigat\u00f3rio:&nbsp;CPF&nbsp;e&nbsp;Carteira&nbsp;de&nbsp;Vacina&nbsp;e&nbsp;atestado&nbsp;m\u00e9dico<\/p>\n\n\n\n<p>&nbsp;P\u00fablico:&nbsp;Adolescente&nbsp;com&nbsp;comorbidades&nbsp;de&nbsp;12&nbsp;\u00e1&nbsp;17&nbsp;anos,&nbsp;pessoas&nbsp;de&nbsp;34<br>anos&nbsp;ou&nbsp;mais<br>Dia:&nbsp;23\/07\/2021<br>Hor\u00e1rio:&nbsp;8h&nbsp;\u00e0s&nbsp;11:30h&nbsp;e&nbsp;13:15h&nbsp;\u00e0s&nbsp;16h<br>Local:&nbsp;Posto&nbsp;Sede&nbsp;ESF1&nbsp;e&nbsp;ESF2&nbsp;Ita\u00faba<br>Obrigat\u00f3rio:&nbsp;CPF&nbsp;e&nbsp;Carteira&nbsp;de&nbsp;Vacina<\/p>\n\n\n\n<p>&nbsp;P\u00fablico:&nbsp;Pessoas&nbsp;de&nbsp;30&nbsp;anos&nbsp;ou&nbsp;mais<br>Dia:&nbsp;04\/08\/21<br>Hor\u00e1rio:&nbsp;8h&nbsp;\u00e0s&nbsp;11:30h&nbsp;e&nbsp;13:15h&nbsp;\u00e0s&nbsp;16h<br>Local:&nbsp;Posto&nbsp;de&nbsp;Sa\u00fade&nbsp;Sede&nbsp;ESF1&nbsp;Sede<br>Obrigat\u00f3rio:&nbsp;CPF,&nbsp;Carteira&nbsp;de&nbsp;Vacina&nbsp;e&nbsp;ATESTADO&nbsp;M\u00c9DICO<\/p>\n\n\n\n<p>&nbsp;COMORBIDADES:<br>*Obesidade<br>*Asma<br>*Doen\u00e7as&nbsp;cong\u00eanitas&nbsp;(raras,&nbsp;gen\u00e9ticas&nbsp;e\/ou&nbsp;autoimunes)<br>*Doen\u00e7as&nbsp;hematol\u00f3gicas<br>*Doen\u00e7as&nbsp;cardiovasculares<br>*Doen\u00e7as&nbsp;neurol\u00f3gicas<br>*Doen\u00e7as&nbsp;endocrinol\u00f3gicas<\/p>\n\n\n\n<p>&nbsp;P\u00fablico:&nbsp;Pessoas&nbsp;de&nbsp;35&nbsp;anos&nbsp;ou&nbsp;mais<br>Dia:&nbsp;22\/07\/21<br>Hor\u00e1rio:&nbsp;8h&nbsp;\u00e0s&nbsp;11:30h&nbsp;e&nbsp;13:15h&nbsp;\u00e0s&nbsp;16h<br>Local:&nbsp;Posto&nbsp;Sede&nbsp;ESF1&nbsp;e&nbsp;ESF2&nbsp;Ita\u00faba<br>Obrigat\u00f3rio:&nbsp;CPF&nbsp;e&nbsp;Carteira&nbsp;de&nbsp;Vacina<\/p>\n\n\n\n<p>&nbsp;&nbsp;&nbsp;VACINA&nbsp;DOSE&nbsp;2&nbsp;COVID-19<br>Fique&nbsp;atento&nbsp;a&nbsp;sua&nbsp;caderneta&nbsp;de&nbsp;vacina\u00e7\u00e3o&nbsp;e&nbsp;n\u00e3o&nbsp;perca&nbsp;sua&nbsp;data!<br>*SOMENTE&nbsp;PARA&nbsp;PESSOAS&nbsp;QUE&nbsp;TEM&nbsp;NA&nbsp;CADERNETA&nbsp;AGENDADO&nbsp;DOSE&nbsp;2*<\/p>\n\n\n\n<p>&nbsp;P\u00fablico:&nbsp;Segunda&nbsp;dose&nbsp;com&nbsp;comorbidades<\/p>\n\n\n\n<p>&nbsp;Dia:&nbsp;21\/07\/21<br>Hor\u00e1rio:&nbsp;8h&nbsp;\u00e0s&nbsp;11:30h&nbsp;e&nbsp;13:15h&nbsp;\u00e0s&nbsp;16h<br>Local:&nbsp;Posto&nbsp;Sede&nbsp;ESF1&nbsp;e&nbsp;ESF2&nbsp;Ita\u00faba<br>Obrigat\u00f3rio:&nbsp;CPF&nbsp;e&nbsp;Carteira&nbsp;de&nbsp;Vacina<\/p>\n\n\n\n<p>&nbsp;P\u00fablico:&nbsp;Segunda&nbsp;dose&nbsp;de&nbsp;idosos&nbsp;e&nbsp;comorbidades<br>Dia:&nbsp;19\/07\/21<br>Hor\u00e1rio:&nbsp;8h&nbsp;\u00e0s&nbsp;11:30h&nbsp;e&nbsp;13:15h&nbsp;\u00e0s&nbsp;16h<br>Local:&nbsp;Posto&nbsp;Sede&nbsp;ESF1&nbsp;e&nbsp;ESF2&nbsp;Ita\u00faba<\/p>\n\n\n\n<p>&nbsp;P\u00fablico:&nbsp;2\u00b0&nbsp;dose&nbsp;idosos<br>Dia:&nbsp;17\/07\/21<br>Hor\u00e1rio:&nbsp;8h&nbsp;\u00e0s&nbsp;11:30h<br>Local:&nbsp;Posto&nbsp;Sede&nbsp;ESF1&nbsp;e&nbsp;ESF2&nbsp;Ita\u00faba<\/p>\n\n\n\n<p>&nbsp;P\u00fablico:&nbsp;Idosos<br>Dia:&nbsp;14\/07\/21<br>Hor\u00e1rio:&nbsp;8h&nbsp;\u00e0s&nbsp;11:30h&nbsp;e&nbsp;13:15h&nbsp;\u00e0s&nbsp;16h<br>Local:&nbsp;Posto&nbsp;Sede&nbsp;ESF1&nbsp;e&nbsp;ESF2&nbsp;Ita\u00faba<\/p>\n\n\n\n<p>Hor\u00e1rio:&nbsp;P\u00fablico:&nbsp;Segunda&nbsp;dose&nbsp;idosos<br>Dia:&nbsp;13\/07\/21<br>Hor\u00e1rio:&nbsp;8h&nbsp;\u00e0s&nbsp;11:30h&nbsp;e&nbsp;das&nbsp;13:15h&nbsp;\u00e0s&nbsp;16h<br>Local:&nbsp;Posto&nbsp;Sede&nbsp;ESF1&nbsp;e&nbsp;ESF2&nbsp;Ita\u00faba<\/p>\n\n\n\n<p>&nbsp;P\u00fablico:&nbsp;Pessoas&nbsp;de&nbsp;38&nbsp;anos&nbsp;ou&nbsp;mais<br>Dia:&nbsp;10\/07\/21<br>Hor\u00e1rio:&nbsp;8h&nbsp;\u00e0s&nbsp;11:30h<br>Local:&nbsp;Posto&nbsp;Sede&nbsp;ESF1&nbsp;e&nbsp;ESF2&nbsp;Ita\u00faba<\/p>\n\n\n\n<p>&nbsp;P\u00fablico:&nbsp;Pessoas&nbsp;de&nbsp;40&nbsp;anos&nbsp;ou&nbsp;mais<br>Dia:&nbsp;09\/07\/21<br>Hor\u00e1rio:&nbsp;8h&nbsp;\u00e0s&nbsp;11:30h&nbsp;e&nbsp;das&nbsp;13;15h&nbsp;\u00e0s&nbsp;16h<br>Local:&nbsp;Posto&nbsp;Sede&nbsp;ESF1&nbsp;e&nbsp;ESF2&nbsp;Ita\u00faba<\/p>\n\n\n\n<p>&nbsp;Pedimos&nbsp;a&nbsp;colabora\u00e7\u00e3o&nbsp;da&nbsp;popula\u00e7\u00e3o&nbsp;para&nbsp;que&nbsp;continuem&nbsp;colaborando&nbsp;e<br>indo&nbsp;na&nbsp;SUA&nbsp;DATA&nbsp;prevista!<\/p>\n\n\n\n<p>&nbsp;Obrigat\u00f3rio:&nbsp;Cart\u00e3o&nbsp;SUS,&nbsp;CPF&nbsp;e&nbsp;carteira&nbsp;de&nbsp;vacina\u00e7\u00e3o!<\/p>\n\n\n\n<p>&nbsp;O&nbsp;trabalho&nbsp;dos&nbsp;Agentes&nbsp;Comunit\u00e1rios&nbsp;&nbsp;de&nbsp;Sa\u00fade&nbsp;\u00e9&nbsp;de&nbsp;extrema<br>import\u00e2ncia&nbsp;no&nbsp;aviso&nbsp;das&nbsp;datas&nbsp;de&nbsp;aplica\u00e7\u00e3o&nbsp;das&nbsp;D1&nbsp;e&nbsp;D2&nbsp;da&nbsp;vacina&nbsp;da<br>Covid19,&nbsp;sendo&nbsp;que&nbsp;mesmo&nbsp;aprazadas&nbsp;na&nbsp;carteira&nbsp;de&nbsp;vacina\u00e7\u00e3o&nbsp;em&nbsp;alguns<br>momentos&nbsp;as&nbsp;vacinas&nbsp;podem&nbsp;serem&nbsp;antecipadas&nbsp;e&nbsp;agendas&nbsp;para&nbsp;outras&nbsp;datas.<\/p>\n","protected":false},"excerpt":{"rendered":"<p>Vacina\u00e7\u00e3o\u00a0da\u00a0COVID\u00a019 A partir de 01\/12\/21D2 popula\u00e7\u00e3o geralD3 trabalhadores de sa\u00fade e pessoas idosasD1 adolescente de 12 anosAt\u00e9 dia 09\/01\/22 esses grupos 10\/01\/22D3 professores e trabalhadores da<span class=\"excerpt-hellip\"> [\u2026]<\/span><\/p>\n","protected":false},"author":1,"featured_media":0,"parent":0,"menu_order":0,"comment_status":"closed","ping_status":"closed","template":"","meta":[],"_links":{"self":[{"href":"https:\/\/estrelavelha.rs.gov.br\/portal\/wp-json\/wp\/v2\/pages\/3623"}],"collection":[{"href":"https:\/\/estrelavelha.rs.gov.br\/portal\/wp-json\/wp\/v2\/pages"}],"about":[{"href":"https:\/\/estrelavelha.rs.gov.br\/portal\/wp-json\/wp\/v2\/types\/page"}],"author":[{"embeddable":true,"href":"https:\/\/estrelavelha.rs.gov.br\/portal\/wp-json\/wp\/v2\/users\/1"}],"replies":[{"embeddable":true,"href":"https:\/\/estrelavelha.rs.gov.br\/portal\/wp-json\/wp\/v2\/comments?post=3623"}],"version-history":[{"count":11,"href":"https:\/\/estrelavelha.rs.gov.br\/portal\/wp-json\/wp\/v2\/pages\/3623\/revisions"}],"predecessor-version":[{"id":4394,"href":"https:\/\/estrelavelha.rs.gov.br\/portal\/wp-json\/wp\/v2\/pages\/3623\/revisions\/4394"}],"wp:attachment":[{"href":"https:\/\/estrelavelha.rs.gov.br\/portal\/wp-json\/wp\/v2\/media?parent=3623"}],"curies":[{"name":"wp","href":"https:\/\/api.w.org\/{rel}","templated":true}]}}