{"id":3610,"date":"2021-08-10T19:51:38","date_gmt":"2021-08-10T22:51:38","guid":{"rendered":"https:\/\/estrelavelha.rs.gov.br\/portal\/?page_id=3610"},"modified":"2021-08-10T19:51:39","modified_gmt":"2021-08-10T22:51:39","slug":"seguranca-eficacia-potenciais-riscos-e-beneficios","status":"publish","type":"page","link":"https:\/\/estrelavelha.rs.gov.br\/portal\/seguranca-eficacia-potenciais-riscos-e-beneficios\/","title":{"rendered":"Seguran\u00e7a, efic\u00e1cia, potenciais riscos e benef\u00edcios"},"content":{"rendered":"\n<p>Seguran\u00e7a, efic\u00e1cia, potenciais riscos e benef\u00edcios<\/p>\n\n\n<div class=\"sdm_download_item \"><div class=\"sdm_download_item_top\"><div class=\"sdm_download_thumbnail\"><\/div><div class=\"sdm_download_title\">Bula Janssen<\/div><\/div><div style=\"clear:both;\"><\/div><div class=\"sdm_download_description\"><\/div><div class=\"sdm_download_link\"><span class=\"sdm_download_button\"><a href=\"https:\/\/estrelavelha.rs.gov.br\/portal\/?sdm_process_download=1&download_id=3619\" class=\"sdm_download grey\" title=\"Bula Janssen\" target=\"_self\">Baixar agora!<\/a><\/span><span class=\"sdm_download_item_count\"><span class=\"sdm_item_count_number\">574<\/span><span class=\"sdm_item_count_string\"> Downloads<\/span><\/span><\/div><\/div><div class=\"sdm_download_item \"><div class=\"sdm_download_item_top\"><div class=\"sdm_download_thumbnail\"><\/div><div class=\"sdm_download_title\">Bula Pfizer<\/div><\/div><div style=\"clear:both;\"><\/div><div class=\"sdm_download_description\"><\/div><div class=\"sdm_download_link\"><span class=\"sdm_download_button\"><a href=\"https:\/\/estrelavelha.rs.gov.br\/portal\/?sdm_process_download=1&download_id=3617\" class=\"sdm_download grey\" title=\"Bula Pfizer\" target=\"_self\">Baixar agora!<\/a><\/span><span class=\"sdm_download_item_count\"><span class=\"sdm_item_count_number\">861<\/span><span class=\"sdm_item_count_string\"> Downloads<\/span><\/span><\/div><\/div><div class=\"sdm_download_item \"><div class=\"sdm_download_item_top\"><div class=\"sdm_download_thumbnail\"><\/div><div class=\"sdm_download_title\">Bula Astrazeneca<\/div><\/div><div style=\"clear:both;\"><\/div><div class=\"sdm_download_description\"><\/div><div class=\"sdm_download_link\"><span class=\"sdm_download_button\"><a href=\"https:\/\/estrelavelha.rs.gov.br\/portal\/?sdm_process_download=1&download_id=3615\" class=\"sdm_download grey\" title=\"Bula Astrazeneca\" target=\"_self\">Baixar agora!<\/a><\/span><span class=\"sdm_download_item_count\"><span class=\"sdm_item_count_number\">620<\/span><span class=\"sdm_item_count_string\"> Downloads<\/span><\/span><\/div><\/div><div class=\"sdm_download_item \"><div class=\"sdm_download_item_top\"><div class=\"sdm_download_thumbnail\"><\/div><div class=\"sdm_download_title\">Bula Coronavac<\/div><\/div><div style=\"clear:both;\"><\/div><div class=\"sdm_download_description\"><\/div><div class=\"sdm_download_link\"><span class=\"sdm_download_button\"><a href=\"https:\/\/estrelavelha.rs.gov.br\/portal\/?sdm_process_download=1&download_id=3612\" class=\"sdm_download grey\" title=\"Bula Coronavac\" target=\"_self\">Baixar agora!<\/a><\/span><span class=\"sdm_download_item_count\"><span class=\"sdm_item_count_number\">631<\/span><span class=\"sdm_item_count_string\"> Downloads<\/span><\/span><\/div><\/div><div class=\"sdm_clear_float\"><\/div><div class=\"sdm_pagination\"><\/div>\n","protected":false},"excerpt":{"rendered":"<p>Seguran\u00e7a, efic\u00e1cia, potenciais riscos e benef\u00edcios<\/p>\n","protected":false},"author":1,"featured_media":0,"parent":0,"menu_order":0,"comment_status":"closed","ping_status":"closed","template":"","meta":[],"_links":{"self":[{"href":"https:\/\/estrelavelha.rs.gov.br\/portal\/wp-json\/wp\/v2\/pages\/3610"}],"collection":[{"href":"https:\/\/estrelavelha.rs.gov.br\/portal\/wp-json\/wp\/v2\/pages"}],"about":[{"href":"https:\/\/estrelavelha.rs.gov.br\/portal\/wp-json\/wp\/v2\/types\/page"}],"author":[{"embeddable":true,"href":"https:\/\/estrelavelha.rs.gov.br\/portal\/wp-json\/wp\/v2\/users\/1"}],"replies":[{"embeddable":true,"href":"https:\/\/estrelavelha.rs.gov.br\/portal\/wp-json\/wp\/v2\/comments?post=3610"}],"version-history":[{"count":1,"href":"https:\/\/estrelavelha.rs.gov.br\/portal\/wp-json\/wp\/v2\/pages\/3610\/revisions"}],"predecessor-version":[{"id":3611,"href":"https:\/\/estrelavelha.rs.gov.br\/portal\/wp-json\/wp\/v2\/pages\/3610\/revisions\/3611"}],"wp:attachment":[{"href":"https:\/\/estrelavelha.rs.gov.br\/portal\/wp-json\/wp\/v2\/media?parent=3610"}],"curies":[{"name":"wp","href":"https:\/\/api.w.org\/{rel}","templated":true}]}}