{"id":3593,"date":"2021-08-10T19:35:35","date_gmt":"2021-08-10T22:35:35","guid":{"rendered":"https:\/\/estrelavelha.rs.gov.br\/portal\/?page_id=3593"},"modified":"2021-08-10T19:47:14","modified_gmt":"2021-08-10T22:47:14","slug":"plano-de-acao-municipal-de-vacinacao","status":"publish","type":"page","link":"https:\/\/estrelavelha.rs.gov.br\/portal\/plano-de-acao-municipal-de-vacinacao\/","title":{"rendered":"Plano de A\u00e7\u00e3o Municipal de vacina\u00e7\u00e3o"},"content":{"rendered":"\n<h2 class=\"wp-block-heading\">INFORMATIVO<\/h2>\n\n\n\n<p>Informamos que o munic\u00edpio de Estrela Velha utiliza na operacionaliza\u00e7\u00e3o da vacina\u00e7\u00e3o contra a COVID-19 o PLANO NACIONAL DE OPERACIONALIZA\u00c7\u00c3O DA VACINA\u00c7\u00c3O CONTRA A COVID-19 atualizado, como medida adicional de resposta ao enfrentamento da doen\u00e7a, tida como Emerg\u00eancia de Sa\u00fade P\u00fablica de Import\u00e2ncia Internacional (ESPII), mediante a\u00e7\u00f5es de vacina\u00e7\u00e3o em n\u00edvel municipal, o qual vem em conson\u00e2ncia com as orienta\u00e7\u00f5es globais da Organiza\u00e7\u00e3o Pan-Americana da Sa\u00fade e da Organiza\u00e7\u00e3o Mundial da Sa\u00fade (OPAS\/OMS).<br>Baseado neste plano, todos os grupos elencados ser\u00e3o contemplados com a vacina\u00e7\u00e3o, entretanto de forma escalonada por conta de n\u00e3o dispor de doses de vacinas imediatas para vacinar todos os grupos em etapa \u00fanica. Desta forma, os grupos que receberam e que vem recebendo as doses do imunobiol\u00f3gico, s\u00e3o aqueles pactuados em reuni\u00e3o da Comiss\u00e3o Intergestores Bipartite\/RS, de acordo com as respectivas resolu\u00e7\u00f5es.<\/p>\n\n\n\n<p>Neusa Ravanello Billig<br>Secretaria Municipal de Sa\u00fade<\/p>\n\n\n<div class=\"sdm_download_item \"><div class=\"sdm_download_item_top\"><div class=\"sdm_download_thumbnail\"><\/div><div class=\"sdm_download_title\">Nota Informativa 30 COE_SES-RS<\/div><\/div><div style=\"clear:both;\"><\/div><div class=\"sdm_download_description\"><\/div><div class=\"sdm_download_link\"><span class=\"sdm_download_button\"><a href=\"https:\/\/estrelavelha.rs.gov.br\/portal\/?sdm_process_download=1&download_id=3723\" class=\"sdm_download grey\" title=\"Nota Informativa 30 COE_SES-RS\" target=\"_self\">Baixar agora!<\/a><\/span><span class=\"sdm_download_item_count\"><span class=\"sdm_item_count_number\">869<\/span><span class=\"sdm_item_count_string\"> Downloads<\/span><\/span><\/div><\/div><div class=\"sdm_download_item \"><div class=\"sdm_download_item_top\"><div class=\"sdm_download_thumbnail\"><\/div><div class=\"sdm_download_title\">Nota Informativa 27 CEVS_SES-RS<\/div><\/div><div style=\"clear:both;\"><\/div><div class=\"sdm_download_description\"><\/div><div class=\"sdm_download_link\"><span class=\"sdm_download_button\"><a href=\"https:\/\/estrelavelha.rs.gov.br\/portal\/?sdm_process_download=1&download_id=3721\" class=\"sdm_download grey\" title=\"Nota Informativa 27 CEVS_SES-RS\" target=\"_self\">Baixar agora!<\/a><\/span><span class=\"sdm_download_item_count\"><span class=\"sdm_item_count_number\">588<\/span><span class=\"sdm_item_count_string\"> Downloads<\/span><\/span><\/div><\/div><div class=\"sdm_download_item \"><div class=\"sdm_download_item_top\"><div class=\"sdm_download_thumbnail\"><\/div><div class=\"sdm_download_title\">Plano de Conting\u00eancia e A\u00e7\u00e3o Municipal para Infec\u00e7\u00e3o Humana COVID-19<\/div><\/div><div style=\"clear:both;\"><\/div><div class=\"sdm_download_description\"><\/div><div class=\"sdm_download_link\"><span class=\"sdm_download_button\"><a href=\"https:\/\/estrelavelha.rs.gov.br\/portal\/?sdm_process_download=1&download_id=3719\" class=\"sdm_download grey\" title=\"Plano de Conting\u00eancia e A\u00e7\u00e3o Municipal para Infec\u00e7\u00e3o Humana COVID-19\" target=\"_self\">Baixar agora!<\/a><\/span><span class=\"sdm_download_item_count\"><span class=\"sdm_item_count_number\">563<\/span><span class=\"sdm_item_count_string\"> Downloads<\/span><\/span><\/div><\/div><div class=\"sdm_download_item \"><div class=\"sdm_download_item_top\"><div class=\"sdm_download_thumbnail\"><\/div><div class=\"sdm_download_title\">INFORME T\u00c9CNICO n\u00b0 10\/2021<\/div><\/div><div style=\"clear:both;\"><\/div><div class=\"sdm_download_description\"><\/div><div class=\"sdm_download_link\"><span class=\"sdm_download_button\"><a href=\"https:\/\/estrelavelha.rs.gov.br\/portal\/?sdm_process_download=1&download_id=3605\" class=\"sdm_download grey\" title=\"INFORME T\u00c9CNICO n\u00b0 10\/2021\" target=\"_self\">Baixar agora!<\/a><\/span><span class=\"sdm_download_item_count\"><span class=\"sdm_item_count_number\">550<\/span><span class=\"sdm_item_count_string\"> Downloads<\/span><\/span><\/div><\/div><div class=\"sdm_download_item \"><div class=\"sdm_download_item_top\"><div class=\"sdm_download_thumbnail\"><\/div><div class=\"sdm_download_title\">CIBR \u2013 202-21<\/div><\/div><div style=\"clear:both;\"><\/div><div class=\"sdm_download_description\"><\/div><div class=\"sdm_download_link\"><span class=\"sdm_download_button\"><a href=\"https:\/\/estrelavelha.rs.gov.br\/portal\/?sdm_process_download=1&download_id=3603\" class=\"sdm_download grey\" title=\"CIBR \u2013 202-21\" target=\"_self\">Baixar agora!<\/a><\/span><span class=\"sdm_download_item_count\"><span class=\"sdm_item_count_number\">525<\/span><span class=\"sdm_item_count_string\"> Downloads<\/span><\/span><\/div><\/div><div class=\"sdm_download_item \"><div class=\"sdm_download_item_top\"><div class=\"sdm_download_thumbnail\"><\/div><div class=\"sdm_download_title\">CIBR \u2013 195-21<\/div><\/div><div style=\"clear:both;\"><\/div><div class=\"sdm_download_description\"><\/div><div class=\"sdm_download_link\"><span class=\"sdm_download_button\"><a href=\"https:\/\/estrelavelha.rs.gov.br\/portal\/?sdm_process_download=1&download_id=3601\" class=\"sdm_download grey\" title=\"CIBR \u2013 195-21\" target=\"_self\">Baixar agora!<\/a><\/span><span class=\"sdm_download_item_count\"><span class=\"sdm_item_count_number\">531<\/span><span class=\"sdm_item_count_string\"> Downloads<\/span><\/span><\/div><\/div><div class=\"sdm_download_item \"><div class=\"sdm_download_item_top\"><div class=\"sdm_download_thumbnail\"><\/div><div class=\"sdm_download_title\">CIBR \u2013 163-21<\/div><\/div><div style=\"clear:both;\"><\/div><div class=\"sdm_download_description\"><\/div><div class=\"sdm_download_link\"><span class=\"sdm_download_button\"><a href=\"https:\/\/estrelavelha.rs.gov.br\/portal\/?sdm_process_download=1&download_id=3599\" class=\"sdm_download grey\" title=\"CIBR \u2013 163-21\" target=\"_self\">Baixar agora!<\/a><\/span><span class=\"sdm_download_item_count\"><span class=\"sdm_item_count_number\">520<\/span><span class=\"sdm_item_count_string\"> Downloads<\/span><\/span><\/div><\/div><div class=\"sdm_download_item \"><div class=\"sdm_download_item_top\"><div class=\"sdm_download_thumbnail\"><\/div><div class=\"sdm_download_title\">CIBR \u2013 162-21<\/div><\/div><div style=\"clear:both;\"><\/div><div class=\"sdm_download_description\"><\/div><div class=\"sdm_download_link\"><span class=\"sdm_download_button\"><a href=\"https:\/\/estrelavelha.rs.gov.br\/portal\/?sdm_process_download=1&download_id=3597\" class=\"sdm_download grey\" title=\"CIBR \u2013 162-21\" target=\"_self\">Baixar agora!<\/a><\/span><span class=\"sdm_download_item_count\"><span class=\"sdm_item_count_number\">540<\/span><span class=\"sdm_item_count_string\"> Downloads<\/span><\/span><\/div><\/div><div class=\"sdm_download_item \"><div class=\"sdm_download_item_top\"><div class=\"sdm_download_thumbnail\"><\/div><div class=\"sdm_download_title\">Plano Nacional de Operacionaliza\u00e7\u00e3o da Vacina\u00e7\u00e3o contra a Covid-19<\/div><\/div><div style=\"clear:both;\"><\/div><div class=\"sdm_download_description\"><\/div><div class=\"sdm_download_link\"><span class=\"sdm_download_button\"><a href=\"https:\/\/estrelavelha.rs.gov.br\/portal\/?sdm_process_download=1&download_id=3595\" class=\"sdm_download grey\" title=\"Plano Nacional de Operacionaliza\u00e7\u00e3o da Vacina\u00e7\u00e3o contra a Covid-19\" target=\"_self\">Baixar agora!<\/a><\/span><span class=\"sdm_download_item_count\"><span class=\"sdm_item_count_number\">593<\/span><span class=\"sdm_item_count_string\"> Downloads<\/span><\/span><\/div><\/div><div class=\"sdm_clear_float\"><\/div><div class=\"sdm_pagination\"><\/div>\n","protected":false},"excerpt":{"rendered":"<p>INFORMATIVO Informamos que o munic\u00edpio de Estrela Velha utiliza na operacionaliza\u00e7\u00e3o da vacina\u00e7\u00e3o contra a COVID-19 o PLANO NACIONAL DE OPERACIONALIZA\u00c7\u00c3O DA VACINA\u00c7\u00c3O CONTRA A COVID-19<span class=\"excerpt-hellip\"> [\u2026]<\/span><\/p>\n","protected":false},"author":1,"featured_media":0,"parent":0,"menu_order":0,"comment_status":"closed","ping_status":"closed","template":"","meta":[],"_links":{"self":[{"href":"https:\/\/estrelavelha.rs.gov.br\/portal\/wp-json\/wp\/v2\/pages\/3593"}],"collection":[{"href":"https:\/\/estrelavelha.rs.gov.br\/portal\/wp-json\/wp\/v2\/pages"}],"about":[{"href":"https:\/\/estrelavelha.rs.gov.br\/portal\/wp-json\/wp\/v2\/types\/page"}],"author":[{"embeddable":true,"href":"https:\/\/estrelavelha.rs.gov.br\/portal\/wp-json\/wp\/v2\/users\/1"}],"replies":[{"embeddable":true,"href":"https:\/\/estrelavelha.rs.gov.br\/portal\/wp-json\/wp\/v2\/comments?post=3593"}],"version-history":[{"count":2,"href":"https:\/\/estrelavelha.rs.gov.br\/portal\/wp-json\/wp\/v2\/pages\/3593\/revisions"}],"predecessor-version":[{"id":3608,"href":"https:\/\/estrelavelha.rs.gov.br\/portal\/wp-json\/wp\/v2\/pages\/3593\/revisions\/3608"}],"wp:attachment":[{"href":"https:\/\/estrelavelha.rs.gov.br\/portal\/wp-json\/wp\/v2\/media?parent=3593"}],"curies":[{"name":"wp","href":"https:\/\/api.w.org\/{rel}","templated":true}]}}