{"id":3013,"date":"2019-04-08T09:11:32","date_gmt":"2019-04-08T12:11:32","guid":{"rendered":"http:\/\/estrelavelha.rs.gov.br\/portal\/?page_id=3013"},"modified":"2019-04-08T09:11:33","modified_gmt":"2019-04-08T12:11:33","slug":"eleicao-conselho-tutelar","status":"publish","type":"page","link":"https:\/\/estrelavelha.rs.gov.br\/portal\/eleicao-conselho-tutelar\/","title":{"rendered":"ELEI\u00c7\u00c3O CONSELHO TUTELAR"},"content":{"rendered":"<div class=\"sdm_download_item \"><div class=\"sdm_download_item_top\"><div class=\"sdm_download_thumbnail\"><\/div><div class=\"sdm_download_title\">EDITAL 020\/2019<\/div><\/div><div style=\"clear:both;\"><\/div><div class=\"sdm_download_description\"><\/div><div class=\"sdm_download_link\"><span class=\"sdm_download_button\"><a href=\"https:\/\/estrelavelha.rs.gov.br\/portal\/?sdm_process_download=1&download_id=3159\" class=\"sdm_download grey\" title=\"EDITAL 020\/2019\" target=\"_self\">Baixar agora!<\/a><\/span><span class=\"sdm_download_item_count\"><span class=\"sdm_item_count_number\">367<\/span><span class=\"sdm_item_count_string\"> Downloads<\/span><\/span><\/div><\/div><div class=\"sdm_download_item \"><div class=\"sdm_download_item_top\"><div class=\"sdm_download_thumbnail\"><\/div><div class=\"sdm_download_title\">EDITAL 019\/2019<\/div><\/div><div style=\"clear:both;\"><\/div><div class=\"sdm_download_description\"><p>Resultado Oficial da Elei\u00e7\u00e3o de Escolha dos Conselheiros Tutelares do Munic\u00edpio de Estrela Velha\/RS.<\/p>\n<\/div><div class=\"sdm_download_link\"><span class=\"sdm_download_button\"><a href=\"https:\/\/estrelavelha.rs.gov.br\/portal\/?sdm_process_download=1&download_id=3156\" class=\"sdm_download grey\" title=\"EDITAL 019\/2019\" target=\"_self\">Baixar agora!<\/a><\/span><span class=\"sdm_download_item_count\"><span class=\"sdm_item_count_number\">398<\/span><span class=\"sdm_item_count_string\"> Downloads<\/span><\/span><\/div><\/div><div class=\"sdm_download_item \"><div class=\"sdm_download_item_top\"><div class=\"sdm_download_thumbnail\"><\/div><div class=\"sdm_download_title\">EDITAL 18\/2019<\/div><\/div><div style=\"clear:both;\"><\/div><div class=\"sdm_download_description\"><p>Resultado Preliminar Oficial da Elei\u00e7\u00e3o de Escolha dos Conselheiros Tutelares do Munic\u00edpio de Estrela Velha\/RS;<\/p>\n<\/div><div class=\"sdm_download_link\"><span class=\"sdm_download_button\"><a href=\"https:\/\/estrelavelha.rs.gov.br\/portal\/?sdm_process_download=1&download_id=3153\" class=\"sdm_download grey\" title=\"EDITAL 18\/2019\" target=\"_self\">Baixar agora!<\/a><\/span><span class=\"sdm_download_item_count\"><span class=\"sdm_item_count_number\">366<\/span><span class=\"sdm_item_count_string\"> Downloads<\/span><\/span><\/div><\/div><div class=\"sdm_download_item \"><div class=\"sdm_download_item_top\"><div class=\"sdm_download_thumbnail\"><\/div><div class=\"sdm_download_title\">Resultado preliminar oficial<\/div><\/div><div style=\"clear:both;\"><\/div><div class=\"sdm_download_description\"><p>Resultado preliminar oficial do Pleito Eleitoral de Escolha dos Conselheiros Tutelares do Munic\u00edpio de Estrela Velha\/RS<\/p>\n<\/div><div class=\"sdm_download_link\"><span class=\"sdm_download_button\"><a href=\"https:\/\/estrelavelha.rs.gov.br\/portal\/?sdm_process_download=1&download_id=3151\" class=\"sdm_download grey\" title=\"Resultado preliminar oficial\" target=\"_self\">Baixar agora!<\/a><\/span><span class=\"sdm_download_item_count\"><span class=\"sdm_item_count_number\">366<\/span><span class=\"sdm_item_count_string\"> Downloads<\/span><\/span><\/div><\/div><div class=\"sdm_download_item \"><div class=\"sdm_download_item_top\"><div class=\"sdm_download_thumbnail\"><\/div><div class=\"sdm_download_title\">EDITAL 17\/2019<\/div><\/div><div style=\"clear:both;\"><\/div><div class=\"sdm_download_description\"><p>Informa\u00e7\u00f5es a respeito do Pleito Eleitoral de Escolha dos Conselheiros Tutelares Gest\u00e3o 2020\/2023.<\/p>\n<\/div><div class=\"sdm_download_link\"><span class=\"sdm_download_button\"><a href=\"https:\/\/estrelavelha.rs.gov.br\/portal\/?sdm_process_download=1&download_id=3149\" class=\"sdm_download grey\" title=\"EDITAL 17\/2019\" target=\"_self\">Baixar agora!<\/a><\/span><span class=\"sdm_download_item_count\"><span class=\"sdm_item_count_number\">422<\/span><span class=\"sdm_item_count_string\"> Downloads<\/span><\/span><\/div><\/div><div class=\"sdm_download_item \"><div class=\"sdm_download_item_top\"><div class=\"sdm_download_thumbnail\"><\/div><div class=\"sdm_download_title\">Edital n\u00ba 16\/2019<\/div><\/div><div style=\"clear:both;\"><\/div><div class=\"sdm_download_description\"><p>Retifica o edital n\u00ba 01\/2019 referente ao processo de escolha dos membros do conselho tutelar.<\/p>\n<\/div><div class=\"sdm_download_link\"><span class=\"sdm_download_button\"><a href=\"https:\/\/estrelavelha.rs.gov.br\/portal\/?sdm_process_download=1&download_id=3147\" class=\"sdm_download grey\" title=\"Edital n\u00ba 16\/2019\" target=\"_self\">Baixar agora!<\/a><\/span><span class=\"sdm_download_item_count\"><span class=\"sdm_item_count_number\">359<\/span><span class=\"sdm_item_count_string\"> Downloads<\/span><\/span><\/div><\/div><div class=\"sdm_download_item \"><div class=\"sdm_download_item_top\"><div class=\"sdm_download_thumbnail\"><\/div><div class=\"sdm_download_title\">EDITAL 15\/2019<\/div><\/div><div style=\"clear:both;\"><\/div><div class=\"sdm_download_description\"><p>Informe a respeito da elei\u00e7\u00e3o de escolha dos conselheiros tutelares gest\u00e3o 2020\/2023.<\/p>\n<\/div><div class=\"sdm_download_link\"><span class=\"sdm_download_button\"><a href=\"https:\/\/estrelavelha.rs.gov.br\/portal\/?sdm_process_download=1&download_id=3144\" class=\"sdm_download grey\" title=\"EDITAL 15\/2019\" target=\"_self\">Baixar agora!<\/a><\/span><span class=\"sdm_download_item_count\"><span class=\"sdm_item_count_number\">360<\/span><span class=\"sdm_item_count_string\"> Downloads<\/span><\/span><\/div><\/div><div class=\"sdm_download_item \"><div class=\"sdm_download_item_top\"><div class=\"sdm_download_thumbnail\"><\/div><div class=\"sdm_download_title\">EDITAL 14\/2019<\/div><\/div><div style=\"clear:both;\"><\/div><div class=\"sdm_download_description\"><p>Lista definitiva nominal de mes\u00e1rios e presidentes respons\u00e1veis pelas se\u00e7\u00f5es eleitorais. Pleito eleitoral para escolha dos membros do conselho tutelar gest\u00e3o 2020\/2023.<\/p>\n<\/div><div class=\"sdm_download_link\"><span class=\"sdm_download_button\"><a href=\"https:\/\/estrelavelha.rs.gov.br\/portal\/?sdm_process_download=1&download_id=3142\" class=\"sdm_download grey\" title=\"EDITAL 14\/2019\" target=\"_self\">Baixar agora!<\/a><\/span><span class=\"sdm_download_item_count\"><span class=\"sdm_item_count_number\">379<\/span><span class=\"sdm_item_count_string\"> Downloads<\/span><\/span><\/div><\/div><div class=\"sdm_download_item \"><div class=\"sdm_download_item_top\"><div class=\"sdm_download_thumbnail\"><\/div><div class=\"sdm_download_title\">Lista de Eleitores<\/div><\/div><div style=\"clear:both;\"><\/div><div class=\"sdm_download_description\"><p>Lista de Eleitores aptos a votar na Elei\u00e7\u00e3o para escolha dos Conselheiros Tutelares Legislatura 2020\/2023.<\/p>\n<\/div><div class=\"sdm_download_link\"><span class=\"sdm_download_button\"><a href=\"https:\/\/estrelavelha.rs.gov.br\/portal\/?sdm_process_download=1&download_id=3140\" class=\"sdm_download grey\" title=\"Lista de Eleitores\" target=\"_self\">Baixar agora!<\/a><\/span><span class=\"sdm_download_item_count\"><span class=\"sdm_item_count_number\">1302<\/span><span class=\"sdm_item_count_string\"> Downloads<\/span><\/span><\/div><\/div><div class=\"sdm_download_item \"><div class=\"sdm_download_item_top\"><div class=\"sdm_download_thumbnail\"><\/div><div class=\"sdm_download_title\">EDITAL 13\/2019<\/div><\/div><div style=\"clear:both;\"><\/div><div class=\"sdm_download_description\"><p>Informa\u00e7\u00f5es sobre as Sess\u00f5es Eleitorais e lista de Eleitores aptos a votar na Elei\u00e7\u00e3o para escolha dos Conselheiros Tutelares; Gest\u00e3o 2020\/2023.<\/p>\n<\/div><div class=\"sdm_download_link\"><span class=\"sdm_download_button\"><a href=\"https:\/\/estrelavelha.rs.gov.br\/portal\/?sdm_process_download=1&download_id=3138\" class=\"sdm_download grey\" title=\"EDITAL 13\/2019\" target=\"_self\">Baixar agora!<\/a><\/span><span class=\"sdm_download_item_count\"><span class=\"sdm_item_count_number\">502<\/span><span class=\"sdm_item_count_string\"> Downloads<\/span><\/span><\/div><\/div><div class=\"sdm_download_item \"><div class=\"sdm_download_item_top\"><div class=\"sdm_download_thumbnail\"><\/div><div class=\"sdm_download_title\">EDITAL 12\/2019<\/div><\/div><div style=\"clear:both;\"><\/div><div class=\"sdm_download_description\"><p><strong>Criado pela Lei Municipal n\u00ba 1.166\/2014<\/strong><\/p>\n<\/div><div class=\"sdm_download_link\"><span class=\"sdm_download_button\"><a href=\"https:\/\/estrelavelha.rs.gov.br\/portal\/?sdm_process_download=1&download_id=3132\" class=\"sdm_download grey\" title=\"EDITAL 12\/2019\" target=\"_self\">Baixar agora!<\/a><\/span><span class=\"sdm_download_item_count\"><span class=\"sdm_item_count_number\">401<\/span><span class=\"sdm_item_count_string\"> Downloads<\/span><\/span><\/div><\/div><div class=\"sdm_download_item \"><div class=\"sdm_download_item_top\"><div class=\"sdm_download_thumbnail\"><\/div><div class=\"sdm_download_title\">Relat\u00f3rio de Reuni\u00e3o<\/div><\/div><div style=\"clear:both;\"><\/div><div class=\"sdm_download_description\"><\/div><div class=\"sdm_download_link\"><span class=\"sdm_download_button\"><a href=\"https:\/\/estrelavelha.rs.gov.br\/portal\/?sdm_process_download=1&download_id=3130\" class=\"sdm_download grey\" title=\"Relat\u00f3rio de Reuni\u00e3o\" target=\"_self\">Baixar agora!<\/a><\/span><span class=\"sdm_download_item_count\"><span class=\"sdm_item_count_number\">365<\/span><span class=\"sdm_item_count_string\"> Downloads<\/span><\/span><\/div><\/div><div class=\"sdm_download_item \"><div class=\"sdm_download_item_top\"><div class=\"sdm_download_thumbnail\"><\/div><div class=\"sdm_download_title\">EDITAL 11\/2019<\/div><\/div><div style=\"clear:both;\"><\/div><div class=\"sdm_download_description\"><p><strong>CONSELHO MUNICIPAL DOS DIREITOS DA CRIAN\u00c7A E DO ADOLESCENTE \u2013 COMDICA \u2013ESTRELA VELHA-RS<br \/>\nCriado pela Lei Municipal n\u00ba 1.166\/2014<\/strong><\/p>\n<\/div><div class=\"sdm_download_link\"><span class=\"sdm_download_button\"><a href=\"https:\/\/estrelavelha.rs.gov.br\/portal\/?sdm_process_download=1&download_id=3128\" class=\"sdm_download grey\" title=\"EDITAL 11\/2019\" target=\"_self\">Baixar agora!<\/a><\/span><span class=\"sdm_download_item_count\"><span class=\"sdm_item_count_number\">382<\/span><span class=\"sdm_item_count_string\"> Downloads<\/span><\/span><\/div><\/div><div class=\"sdm_download_item \"><div class=\"sdm_download_item_top\"><div class=\"sdm_download_thumbnail\"><\/div><div class=\"sdm_download_title\">EDITAL 10\/2019<\/div><\/div><div style=\"clear:both;\"><\/div><div class=\"sdm_download_description\"><p>ESTIPULAM PRAZOS PARA OS CANDIDATOS AO PLEITO ELEITORAL DE ESCOLHA DOS MEMBROS DO CONSELHO TUTELAR 2019, INDICAREM OS FISCAIS PARA ATUAREM NAS SESS\u00d5ES ELEITORAIS DESCRITOS NO EDITAL N\u00ba 08\/2019.<\/p>\n<\/div><div class=\"sdm_download_link\"><span class=\"sdm_download_button\"><a href=\"https:\/\/estrelavelha.rs.gov.br\/portal\/?sdm_process_download=1&download_id=3125\" class=\"sdm_download grey\" title=\"EDITAL 10\/2019\" target=\"_self\">Baixar agora!<\/a><\/span><span class=\"sdm_download_item_count\"><span class=\"sdm_item_count_number\">368<\/span><span class=\"sdm_item_count_string\"> Downloads<\/span><\/span><\/div><\/div><div class=\"sdm_download_item \"><div class=\"sdm_download_item_top\"><div class=\"sdm_download_thumbnail\"><\/div><div class=\"sdm_download_title\">EDITAL 09\/2019<\/div><\/div><div style=\"clear:both;\"><\/div><div class=\"sdm_download_description\"><p>DIVULGA\u00c7\u00c3O DA LISTA NOMINAL DE MES\u00c1RIOS E PRESIDENTES RESPONS\u00c1VEIS PELAS SESS\u00d5ES ELEITORAIS. PLEITO ELEITORAL PARA ESCOLHA DOS MEMBROS DO CONSELHO TUTELAR 2019.<\/p>\n<\/div><div class=\"sdm_download_link\"><span class=\"sdm_download_button\"><a href=\"https:\/\/estrelavelha.rs.gov.br\/portal\/?sdm_process_download=1&download_id=3123\" class=\"sdm_download grey\" title=\"EDITAL 09\/2019\" target=\"_self\">Baixar agora!<\/a><\/span><span class=\"sdm_download_item_count\"><span class=\"sdm_item_count_number\">385<\/span><span class=\"sdm_item_count_string\"> Downloads<\/span><\/span><\/div><\/div><div class=\"sdm_download_item \"><div class=\"sdm_download_item_top\"><div class=\"sdm_download_thumbnail\"><\/div><div class=\"sdm_download_title\">EDITAL 08\/2019<\/div><\/div><div style=\"clear:both;\"><\/div><div class=\"sdm_download_description\"><p>DIVULGA\u00c7\u00c3O DOS LOCAIS DE VOTA\u00c7\u00c3O DO PLEITO ELEITORAL PARA ESCOLHA DOS MEMBROS DO CONSELHO TUTELAR 2019.<\/p>\n<\/div><div class=\"sdm_download_link\"><span class=\"sdm_download_button\"><a href=\"https:\/\/estrelavelha.rs.gov.br\/portal\/?sdm_process_download=1&download_id=3121\" class=\"sdm_download grey\" title=\"EDITAL 08\/2019\" target=\"_self\">Baixar agora!<\/a><\/span><span class=\"sdm_download_item_count\"><span class=\"sdm_item_count_number\">370<\/span><span class=\"sdm_item_count_string\"> Downloads<\/span><\/span><\/div><\/div><div class=\"sdm_download_item \"><div class=\"sdm_download_item_top\"><div class=\"sdm_download_thumbnail\"><\/div><div class=\"sdm_download_title\">Edital 07\/2019<\/div><\/div><div style=\"clear:both;\"><\/div><div class=\"sdm_download_description\"><p>REGISTRO DO N\u00daMERO CORRESPONDENTE A CADA CANDIDATO AO PLEITO REFERENTE AO PROCESSO DE ESCOLHA DOS MEMBROS DO CONSELHO TUTELAR.<\/p>\n<\/div><div class=\"sdm_download_link\"><span class=\"sdm_download_button\"><a href=\"https:\/\/estrelavelha.rs.gov.br\/portal\/?sdm_process_download=1&download_id=3106\" class=\"sdm_download grey\" title=\"Edital 07\/2019\" target=\"_self\">Baixar agora!<\/a><\/span><span class=\"sdm_download_item_count\"><span class=\"sdm_item_count_number\">372<\/span><span class=\"sdm_item_count_string\"> Downloads<\/span><\/span><\/div><\/div><div class=\"sdm_download_item \"><div class=\"sdm_download_item_top\"><div class=\"sdm_download_thumbnail\"><\/div><div class=\"sdm_download_title\">Edital 06\/2019<\/div><\/div><div style=\"clear:both;\"><\/div><div class=\"sdm_download_description\"><p>RETIFICA O CALEND\u00c1RIO DO PLEITO ELEITORAL REFERENTE AO PROCESSO DE ESCOLHA DOS MEMBROS DO CONSELHO TUTELAR<\/p>\n<\/div><div class=\"sdm_download_link\"><span class=\"sdm_download_button\"><a href=\"https:\/\/estrelavelha.rs.gov.br\/portal\/?sdm_process_download=1&download_id=3104\" class=\"sdm_download grey\" title=\"Edital 06\/2019\" target=\"_self\">Baixar agora!<\/a><\/span><span class=\"sdm_download_item_count\"><span class=\"sdm_item_count_number\">418<\/span><span class=\"sdm_item_count_string\"> Downloads<\/span><\/span><\/div><\/div><div class=\"sdm_download_item \"><div class=\"sdm_download_item_top\"><div class=\"sdm_download_thumbnail\"><\/div><div class=\"sdm_download_title\">Registro das candidaturas para o processo de escolha dos membros do conselho tutelar 2019<\/div><\/div><div style=\"clear:both;\"><\/div><div class=\"sdm_download_description\"><\/div><div class=\"sdm_download_link\"><span class=\"sdm_download_button\"><a href=\"https:\/\/estrelavelha.rs.gov.br\/portal\/?sdm_process_download=1&download_id=3101\" class=\"sdm_download grey\" title=\"Registro das candidaturas para o processo de escolha dos membros do conselho tutelar 2019\" target=\"_self\">Baixar agora!<\/a><\/span><span class=\"sdm_download_item_count\"><span class=\"sdm_item_count_number\">341<\/span><span class=\"sdm_item_count_string\"> Downloads<\/span><\/span><\/div><\/div><div class=\"sdm_download_item \"><div class=\"sdm_download_item_top\"><div class=\"sdm_download_thumbnail\"><\/div><div class=\"sdm_download_title\">EDITAL 04\/2019<\/div><\/div><div style=\"clear:both;\"><\/div><div class=\"sdm_download_description\"><p>HOMOLOGA INSCRI\u00c7\u00d5ES NO PROCESSO DE ESCOLHA DOS MEMBROS DO<br \/>\nCONSELHO TUTELAR<\/p>\n<\/div><div class=\"sdm_download_link\"><span class=\"sdm_download_button\"><a href=\"https:\/\/estrelavelha.rs.gov.br\/portal\/?sdm_process_download=1&download_id=3055\" class=\"sdm_download grey\" title=\"EDITAL 04\/2019\" target=\"_self\">Baixar agora!<\/a><\/span><span class=\"sdm_download_item_count\"><span class=\"sdm_item_count_number\">377<\/span><span class=\"sdm_item_count_string\"> Downloads<\/span><\/span><\/div><\/div><div class=\"sdm_clear_float\"><\/div><div class=\"sdm_pagination\"><span aria-current=\"page\" class=\"page-numbers current\">1<\/span>\n<a class=\"page-numbers\" href=\"https:\/\/estrelavelha.rs.gov.br\/portal\/wp-json\/wp\/v2\/pages\/3013\/page\/2\/\">2<\/a>\n<a class=\"next page-numbers\" href=\"https:\/\/estrelavelha.rs.gov.br\/portal\/wp-json\/wp\/v2\/pages\/3013\/page\/2\/\">&raquo;<\/a><\/div>\n","protected":false},"excerpt":{"rendered":"EDITAL 020\/2019Baixar agora!367 DownloadsEDITAL 019\/2019Resultado Oficial da Elei\u00e7\u00e3o de Escolha dos Conselheiros Tutelares do Munic\u00edpio de Estrela Velha\/RS. Baixar agora!398 DownloadsEDITAL 18\/2019Resultado Preliminar Oficial da Elei\u00e7\u00e3o<span class=\"excerpt-hellip\"> [\u2026]<\/span>","protected":false},"author":1,"featured_media":0,"parent":0,"menu_order":0,"comment_status":"closed","ping_status":"closed","template":"","meta":[],"_links":{"self":[{"href":"https:\/\/estrelavelha.rs.gov.br\/portal\/wp-json\/wp\/v2\/pages\/3013"}],"collection":[{"href":"https:\/\/estrelavelha.rs.gov.br\/portal\/wp-json\/wp\/v2\/pages"}],"about":[{"href":"https:\/\/estrelavelha.rs.gov.br\/portal\/wp-json\/wp\/v2\/types\/page"}],"author":[{"embeddable":true,"href":"https:\/\/estrelavelha.rs.gov.br\/portal\/wp-json\/wp\/v2\/users\/1"}],"replies":[{"embeddable":true,"href":"https:\/\/estrelavelha.rs.gov.br\/portal\/wp-json\/wp\/v2\/comments?post=3013"}],"version-history":[{"count":1,"href":"https:\/\/estrelavelha.rs.gov.br\/portal\/wp-json\/wp\/v2\/pages\/3013\/revisions"}],"predecessor-version":[{"id":3014,"href":"https:\/\/estrelavelha.rs.gov.br\/portal\/wp-json\/wp\/v2\/pages\/3013\/revisions\/3014"}],"wp:attachment":[{"href":"https:\/\/estrelavelha.rs.gov.br\/portal\/wp-json\/wp\/v2\/media?parent=3013"}],"curies":[{"name":"wp","href":"https:\/\/api.w.org\/{rel}","templated":true}]}}