{"id":2912,"date":"2019-02-08T14:55:14","date_gmt":"2019-02-08T16:55:14","guid":{"rendered":"http:\/\/estrelavelha.rs.gov.br\/portal\/?page_id=2912"},"modified":"2019-02-08T14:55:14","modified_gmt":"2019-02-08T16:55:14","slug":"legislacao","status":"publish","type":"page","link":"https:\/\/estrelavelha.rs.gov.br\/portal\/legislacao\/","title":{"rendered":"Legisla\u00e7\u00e3o"},"content":{"rendered":"<div class=\"sdm_download_item \"><div class=\"sdm_download_item_top\"><div class=\"sdm_download_thumbnail\"><\/div><div class=\"sdm_download_title\">Decreto n\u00ba 1852.2018 &#8211; Regulamenta, no \u00e2mbito da Administra\u00e7\u00e3o P\u00fablica Municipal, o regime jur\u00eddico das parcerias institu\u00eddo pela Lei Federal n\u00ba 13.019\/2014 e altera\u00e7\u00f5es posteriores.<\/div><\/div><div style=\"clear:both;\"><\/div><div class=\"sdm_download_description\"><\/div><div class=\"sdm_download_link\"><span class=\"sdm_download_button\"><a href=\"https:\/\/estrelavelha.rs.gov.br\/portal\/?sdm_process_download=1&download_id=2959\" class=\"sdm_download grey\" title=\"Decreto n\u00ba 1852.2018 &#8211; Regulamenta, no \u00e2mbito da Administra\u00e7\u00e3o P\u00fablica Municipal, o regime jur\u00eddico das parcerias institu\u00eddo pela Lei Federal n\u00ba 13.019\/2014 e altera\u00e7\u00f5es posteriores.\" target=\"_self\">Baixar agora!<\/a><\/span><span class=\"sdm_download_item_count\"><span class=\"sdm_item_count_number\">909<\/span><span class=\"sdm_item_count_string\"> Downloads<\/span><\/span><\/div><\/div><div class=\"sdm_clear_float\"><\/div><div class=\"sdm_pagination\"><\/div>\n","protected":false},"excerpt":{"rendered":"Decreto n\u00ba 1852.2018 &#8211; Regulamenta, no \u00e2mbito da Administra\u00e7\u00e3o P\u00fablica Municipal, o regime jur\u00eddico das parcerias institu\u00eddo pela Lei Federal n\u00ba 13.019\/2014 e altera\u00e7\u00f5es posteriores.Baixar agora!909<span class=\"excerpt-hellip\"> [\u2026]<\/span>","protected":false},"author":1,"featured_media":0,"parent":0,"menu_order":0,"comment_status":"closed","ping_status":"closed","template":"","meta":[],"_links":{"self":[{"href":"https:\/\/estrelavelha.rs.gov.br\/portal\/wp-json\/wp\/v2\/pages\/2912"}],"collection":[{"href":"https:\/\/estrelavelha.rs.gov.br\/portal\/wp-json\/wp\/v2\/pages"}],"about":[{"href":"https:\/\/estrelavelha.rs.gov.br\/portal\/wp-json\/wp\/v2\/types\/page"}],"author":[{"embeddable":true,"href":"https:\/\/estrelavelha.rs.gov.br\/portal\/wp-json\/wp\/v2\/users\/1"}],"replies":[{"embeddable":true,"href":"https:\/\/estrelavelha.rs.gov.br\/portal\/wp-json\/wp\/v2\/comments?post=2912"}],"version-history":[{"count":1,"href":"https:\/\/estrelavelha.rs.gov.br\/portal\/wp-json\/wp\/v2\/pages\/2912\/revisions"}],"predecessor-version":[{"id":2913,"href":"https:\/\/estrelavelha.rs.gov.br\/portal\/wp-json\/wp\/v2\/pages\/2912\/revisions\/2913"}],"wp:attachment":[{"href":"https:\/\/estrelavelha.rs.gov.br\/portal\/wp-json\/wp\/v2\/media?parent=2912"}],"curies":[{"name":"wp","href":"https:\/\/api.w.org\/{rel}","templated":true}]}}