{"id":2764,"date":"2018-12-11T16:16:15","date_gmt":"2018-12-11T18:16:15","guid":{"rendered":"http:\/\/estrelavelha.rs.gov.br\/portal\/?page_id=2764"},"modified":"2026-02-24T16:48:23","modified_gmt":"2026-02-24T19:48:23","slug":"secretaria-municipal-de-obras-e-servicos-publicos-e-transito","status":"publish","type":"page","link":"https:\/\/estrelavelha.rs.gov.br\/portal\/secretaria-municipal-de-obras-e-servicos-publicos-e-transito\/","title":{"rendered":"Secretaria Municipal de Obras, Servi\u00e7os P\u00fablicos e Tr\u00e2nsito"},"content":{"rendered":"<p style=\"text-align: justify;\"><img decoding=\"async\" loading=\"lazy\" class=\"wp-image-7047  alignleft\" src=\"https:\/\/estrelavelha.rs.gov.br\/portal\/wp-content\/uploads\/2026\/02\/Egon-Manske-\u2013-Secretario-de-Obras-Servicos-Publicos-e-Transito-225x300.jpg\" alt=\"\" width=\"200\" height=\"267\" srcset=\"https:\/\/estrelavelha.rs.gov.br\/portal\/wp-content\/uploads\/2026\/02\/Egon-Manske-\u2013-Secretario-de-Obras-Servicos-Publicos-e-Transito-225x300.jpg 225w, https:\/\/estrelavelha.rs.gov.br\/portal\/wp-content\/uploads\/2026\/02\/Egon-Manske-\u2013-Secretario-de-Obras-Servicos-Publicos-e-Transito-109x146.jpg 109w, https:\/\/estrelavelha.rs.gov.br\/portal\/wp-content\/uploads\/2026\/02\/Egon-Manske-\u2013-Secretario-de-Obras-Servicos-Publicos-e-Transito-37x50.jpg 37w, https:\/\/estrelavelha.rs.gov.br\/portal\/wp-content\/uploads\/2026\/02\/Egon-Manske-\u2013-Secretario-de-Obras-Servicos-Publicos-e-Transito-56x75.jpg 56w, https:\/\/estrelavelha.rs.gov.br\/portal\/wp-content\/uploads\/2026\/02\/Egon-Manske-\u2013-Secretario-de-Obras-Servicos-Publicos-e-Transito.jpg 725w\" sizes=\"(max-width: 200px) 100vw, 200px\" \/><strong>Secretaria Municipal de Obras, Servi\u00e7os P\u00fablicos e Tr\u00e2nsito.<\/strong><\/p>\n<p style=\"text-align: justify;\"><strong>Secret\u00e1rio:<\/strong> Egon Manske<\/p>\n<p><strong>Endere\u00e7o:<\/strong>\u00a0Av. Lauro Billig de Castilhos<\/p>\n<p><strong>Telefone:<\/strong> (51) 9 9450-1448<\/p>\n<p><strong>Email:<\/strong>\u00a0<a href=\"mailto:frotasev@gmail.com\">frotasev@gmail.com<\/a><\/p>\n<p style=\"text-align: justify;\"><strong>Hor\u00e1rio de Atendimento:\u00a0<\/strong>Segunda a Sexta-feira \u2013 <u>7h45 \u00e0s 12h &#8211; 13h15 \u00e0s 17h<\/u>.<\/p>\n<p>A Secretaria Municipal de Obras, Servi\u00e7os P\u00fablicos e Tr\u00e2nsito \u00e9 \u00f3rg\u00e3o de assessoramento a prefeita de planejamento, coordena\u00e7\u00e3o, execu\u00e7\u00e3o, controle e avalia\u00e7\u00e3o de obras p\u00fablicas Municipais, saneamento, urbaniza\u00e7\u00e3o, via\u00e7\u00e3o e n\u00facleo central dos sistemas de manuten\u00e7\u00e3o e infra-estrutura urbana, dos servi\u00e7os p\u00fablicos do Munic\u00edpio, tendo como Departamento e Se\u00e7\u00f5es:<\/p>\n<p><strong>Se\u00e7\u00e3o de Apoio Administrativo da SMOSPT:<\/strong><\/p>\n<ul>\n<li>Manter sistema de controle interno relativo \u00e1s despesas realizadas para funcionamento e manuten\u00e7\u00e3o da frota de ve\u00edculos e m\u00e1quinas do Munic\u00edpio, assim como de gastos realizados pela Secretaria dentre outras atividades.<\/li>\n<\/ul>\n<p><strong>Departamento de Via\u00e7\u00e3o:<\/strong><\/p>\n<ul>\n<li>Preparar a programa\u00e7\u00e3o de servi\u00e7os no sistema vi\u00e1rio, coordenar e supervisionar sua execu\u00e7\u00e3o;<\/li>\n<li>Controlar o desempenho dos motoristas e operadores de m\u00e1quinas e o cuidado que os mesmos t\u00eam com as unidades pelas quais s\u00e3o respons\u00e1veis<\/li>\n<li>Controlar a manuten\u00e7\u00e3o dos ve\u00edculos e maquinas;<\/li>\n<\/ul>\n<p><strong>Se\u00e7\u00e3o de Abertura, Melhoria e Concess\u00e3o de Vias P\u00fablicas :<\/strong><\/p>\n<ul>\n<li>Realizar\u00e1 as atividades determinadas pelo Departamento de Via\u00e7\u00e3o, a quem \u00e9 diretamente subordinada.<\/li>\n<\/ul>\n<p><strong>Se\u00e7\u00e3o de Manuten\u00e7\u00e3o da Frota:<\/strong><\/p>\n<ul>\n<li>Tem por responsabilidade a inspe\u00e7\u00e3o peri\u00f3dica dos ve\u00edculos e m\u00e1quinas , verificando seu estado de conserva\u00e7\u00e3o e providenciando os reparos que se fizerem necess\u00e1rios.<\/li>\n<\/ul>\n<p><strong>Departamento de Obras e Servi\u00e7os P\u00fablicos<\/strong><\/p>\n<ul>\n<li>Compete a execu\u00e7\u00e3o das obras p\u00fablicas e de servi\u00e7o relacionados como jardinagem, arboriza\u00e7\u00e3o, podas de \u00e1rvores demais servi\u00e7os que dizem respeito a implanta\u00e7\u00e3o e manuten\u00e7\u00e3o de \u00e1reas verdes atendendo as demandas de todas as Secretarias Municipais.<\/li>\n<\/ul>\n<ul>\n<li><strong>Se\u00e7\u00e3o de Habita\u00e7\u00e3o<\/strong><\/li>\n<li>Identificar as car\u00eancias habitacionais do Munic\u00edpio;<\/li>\n<li>Buscar recursos externos para a execu\u00e7\u00e3o de investimentos em habita\u00e7\u00e3o, juntamente com a Secretaria Municipal de Coordena\u00e7\u00e3o<\/li>\n<\/ul>\n<p><strong>Se\u00e7\u00e3o de Ilumina\u00e7\u00e3o\u00a0 P\u00fablicas e Outros Servi\u00e7os:<\/strong><\/p>\n<ul>\n<li>Implantar e fazer manuten\u00e7\u00e3o de redes de ilumina\u00e7\u00e3o bem como manter a sinaliza\u00e7\u00e3o de tr\u00e2nsito sob orienta\u00e7\u00e3o e manuten\u00e7\u00e3o do Departamento de Tr\u00e2nsito.<\/li>\n<\/ul>\n<p><strong>Se\u00e7\u00e3o de Coleta de Lixo e Limpeza P\u00fablica:<\/strong><\/p>\n<ul>\n<li>Execu\u00e7\u00e3o regular da coleta de lixo domestico e destina\u00e7\u00e3o do mesmo bem como limpeza e varri\u00e7\u00e3o, recolhimento de res\u00edduos em vias p\u00fablicas.<\/li>\n<\/ul>\n<p><strong>Departamento de Almoxarifado:<\/strong><\/p>\n<ul>\n<li>\u00c9 o \u00f3rg\u00e3o encarregado de conferir, guardar, manter, controlar e distribuir os materiais mantidos em estoque incluindo o estoque de combust\u00edveis, m\u00e1quinas, equipamentos, mat\u00e9rias de consumo dentre outros mat\u00e9rias.<\/li>\n<\/ul>\n<p><strong>Departamento de \u00c1gua e Esgoto:<\/strong><\/p>\n<ul>\n<li>\u00c9 o \u00f3rg\u00e3o encarregado de desenvolver as atividades de Servi\u00e7o Municipal de \u00e1gua e Esgoto- SEMAE alem das an\u00e1lises e tratamentos peri\u00f3dicos da \u00e1gua.<\/li>\n<\/ul>\n<p><strong>Departamento de Planejamento Urbano e Engenharia:<\/strong><\/p>\n<ul>\n<li>Elaborar projetos de obras p\u00fablicas Municipais e sinaliza\u00e7\u00e3o de tr\u00e2nsito tendo em vista a sua execu\u00e7\u00e3o bem como regulamentar os transportes p\u00fablicos, analisar e dar pareceres aos pedidos de licen\u00e7a para constru\u00e7\u00e3o, loteamentos localiza\u00e7\u00e3o e funcionamento de atividades industriais, comerciais e de servi\u00e7os em conformidade com as normas legais aplic\u00e1veis.<\/li>\n<\/ul>\n<p><strong>Departamento\u00a0 de Tr\u00e2nsito:<\/strong><\/p>\n<p>Cumprir e fazer cumprir a legisla\u00e7\u00e3o e normas de tr\u00e2nsito, planejar, projetar, regulamentar e operar o tr\u00e2nsito de ve\u00edculos, de pedestres e de animais promovendo o desenvolvimento da circula\u00e7\u00e3o e da seguran\u00e7a de ciclistas.<\/p>\n<p style=\"text-align: justify;\">\n","protected":false},"excerpt":{"rendered":"<p>Secretaria Municipal de Obras, Servi\u00e7os P\u00fablicos e Tr\u00e2nsito. Secret\u00e1rio: Egon Manske Endere\u00e7o:\u00a0Av. Lauro Billig de Castilhos Telefone: (51) 9 9450-1448 Email:\u00a0frotasev@gmail.com Hor\u00e1rio de Atendimento:\u00a0Segunda a Sexta-feira<span class=\"excerpt-hellip\"> [\u2026]<\/span><\/p>\n","protected":false},"author":1,"featured_media":0,"parent":0,"menu_order":0,"comment_status":"closed","ping_status":"closed","template":"","meta":[],"_links":{"self":[{"href":"https:\/\/estrelavelha.rs.gov.br\/portal\/wp-json\/wp\/v2\/pages\/2764"}],"collection":[{"href":"https:\/\/estrelavelha.rs.gov.br\/portal\/wp-json\/wp\/v2\/pages"}],"about":[{"href":"https:\/\/estrelavelha.rs.gov.br\/portal\/wp-json\/wp\/v2\/types\/page"}],"author":[{"embeddable":true,"href":"https:\/\/estrelavelha.rs.gov.br\/portal\/wp-json\/wp\/v2\/users\/1"}],"replies":[{"embeddable":true,"href":"https:\/\/estrelavelha.rs.gov.br\/portal\/wp-json\/wp\/v2\/comments?post=2764"}],"version-history":[{"count":14,"href":"https:\/\/estrelavelha.rs.gov.br\/portal\/wp-json\/wp\/v2\/pages\/2764\/revisions"}],"predecessor-version":[{"id":7049,"href":"https:\/\/estrelavelha.rs.gov.br\/portal\/wp-json\/wp\/v2\/pages\/2764\/revisions\/7049"}],"wp:attachment":[{"href":"https:\/\/estrelavelha.rs.gov.br\/portal\/wp-json\/wp\/v2\/media?parent=2764"}],"curies":[{"name":"wp","href":"https:\/\/api.w.org\/{rel}","templated":true}]}}