{"id":2653,"date":"2018-11-23T13:53:21","date_gmt":"2018-11-23T15:53:21","guid":{"rendered":"http:\/\/estrelavelha.rs.gov.br\/portal\/?page_id=2653"},"modified":"2018-11-23T13:53:21","modified_gmt":"2018-11-23T15:53:21","slug":"bombeiros","status":"publish","type":"page","link":"https:\/\/estrelavelha.rs.gov.br\/portal\/bombeiros\/","title":{"rendered":"Bombeiros"},"content":{"rendered":"<div class=\"sdm_download_item \"><div class=\"sdm_download_item_top\"><div class=\"sdm_download_thumbnail\"><\/div><div class=\"sdm_download_title\">Termo de Fomento<\/div><\/div><div style=\"clear:both;\"><\/div><div class=\"sdm_download_description\"><\/div><div class=\"sdm_download_link\"><span class=\"sdm_download_button\"><a href=\"https:\/\/estrelavelha.rs.gov.br\/portal\/?sdm_process_download=1&download_id=2744\" class=\"sdm_download grey\" title=\"Termo de Fomento\" target=\"_self\">Baixar agora!<\/a><\/span><span class=\"sdm_download_item_count\"><span class=\"sdm_item_count_number\">902<\/span><span class=\"sdm_item_count_string\"> Downloads<\/span><\/span><\/div><\/div><div class=\"sdm_download_item \"><div class=\"sdm_download_item_top\"><div class=\"sdm_download_thumbnail\"><\/div><div class=\"sdm_download_title\">Pareceres t\u00e9cnicos e jur\u00eddico<\/div><\/div><div style=\"clear:both;\"><\/div><div class=\"sdm_download_description\"><\/div><div class=\"sdm_download_link\"><span class=\"sdm_download_button\"><a href=\"https:\/\/estrelavelha.rs.gov.br\/portal\/?sdm_process_download=1&download_id=2742\" class=\"sdm_download grey\" title=\"Pareceres t\u00e9cnicos e jur\u00eddico\" target=\"_self\">Baixar agora!<\/a><\/span><span class=\"sdm_download_item_count\"><span class=\"sdm_item_count_number\">834<\/span><span class=\"sdm_item_count_string\"> Downloads<\/span><\/span><\/div><\/div><div class=\"sdm_download_item \"><div class=\"sdm_download_item_top\"><div class=\"sdm_download_thumbnail\"><\/div><div class=\"sdm_download_title\">Portarias (Comiss\u00e3o de Monitoramento e Avalia\u00e7\u00e3o; Gestor)<\/div><\/div><div style=\"clear:both;\"><\/div><div class=\"sdm_download_description\"><\/div><div class=\"sdm_download_link\"><span class=\"sdm_download_button\"><a href=\"https:\/\/estrelavelha.rs.gov.br\/portal\/?sdm_process_download=1&download_id=2740\" class=\"sdm_download grey\" title=\"Portarias (Comiss\u00e3o de Monitoramento e Avalia\u00e7\u00e3o; Gestor)\" target=\"_self\">Baixar agora!<\/a><\/span><span class=\"sdm_download_item_count\"><span class=\"sdm_item_count_number\">866<\/span><span class=\"sdm_item_count_string\"> Downloads<\/span><\/span><\/div><\/div><div class=\"sdm_download_item \"><div class=\"sdm_download_item_top\"><div class=\"sdm_download_thumbnail\"><\/div><div class=\"sdm_download_title\">Plano de Trabalho<\/div><\/div><div style=\"clear:both;\"><\/div><div class=\"sdm_download_description\"><\/div><div class=\"sdm_download_link\"><span class=\"sdm_download_button\"><a href=\"https:\/\/estrelavelha.rs.gov.br\/portal\/?sdm_process_download=1&download_id=2738\" class=\"sdm_download grey\" title=\"Plano de Trabalho\" target=\"_self\">Baixar agora!<\/a><\/span><span class=\"sdm_download_item_count\"><span class=\"sdm_item_count_number\">889<\/span><span class=\"sdm_item_count_string\"> Downloads<\/span><\/span><\/div><\/div><div class=\"sdm_clear_float\"><\/div><div class=\"sdm_pagination\"><\/div>\n","protected":false},"excerpt":{"rendered":"Termo de FomentoBaixar agora!902 DownloadsPareceres t\u00e9cnicos e jur\u00eddicoBaixar agora!834 DownloadsPortarias (Comiss\u00e3o de Monitoramento e Avalia\u00e7\u00e3o; Gestor)Baixar agora!866 DownloadsPlano de TrabalhoBaixar agora!889 Downloads","protected":false},"author":1,"featured_media":0,"parent":0,"menu_order":0,"comment_status":"closed","ping_status":"closed","template":"","meta":[],"_links":{"self":[{"href":"https:\/\/estrelavelha.rs.gov.br\/portal\/wp-json\/wp\/v2\/pages\/2653"}],"collection":[{"href":"https:\/\/estrelavelha.rs.gov.br\/portal\/wp-json\/wp\/v2\/pages"}],"about":[{"href":"https:\/\/estrelavelha.rs.gov.br\/portal\/wp-json\/wp\/v2\/types\/page"}],"author":[{"embeddable":true,"href":"https:\/\/estrelavelha.rs.gov.br\/portal\/wp-json\/wp\/v2\/users\/1"}],"replies":[{"embeddable":true,"href":"https:\/\/estrelavelha.rs.gov.br\/portal\/wp-json\/wp\/v2\/comments?post=2653"}],"version-history":[{"count":1,"href":"https:\/\/estrelavelha.rs.gov.br\/portal\/wp-json\/wp\/v2\/pages\/2653\/revisions"}],"predecessor-version":[{"id":2654,"href":"https:\/\/estrelavelha.rs.gov.br\/portal\/wp-json\/wp\/v2\/pages\/2653\/revisions\/2654"}],"wp:attachment":[{"href":"https:\/\/estrelavelha.rs.gov.br\/portal\/wp-json\/wp\/v2\/media?parent=2653"}],"curies":[{"name":"wp","href":"https:\/\/api.w.org\/{rel}","templated":true}]}}