{"id":2646,"date":"2018-11-23T13:17:10","date_gmt":"2018-11-23T15:17:10","guid":{"rendered":"http:\/\/estrelavelha.rs.gov.br\/portal\/?page_id=2646"},"modified":"2018-11-23T13:17:10","modified_gmt":"2018-11-23T15:17:10","slug":"ppa","status":"publish","type":"page","link":"https:\/\/estrelavelha.rs.gov.br\/portal\/ppa\/","title":{"rendered":"PPA"},"content":{"rendered":"<div class=\"sdm_download_item \"><div class=\"sdm_download_item_top\"><div class=\"sdm_download_thumbnail\"><\/div><div class=\"sdm_download_title\">Plano Plurianual 2018-2021<\/div><\/div><div style=\"clear:both;\"><\/div><div class=\"sdm_download_description\"><p>Disp\u00f5e sobre o Plano Plurianual para o quadri\u00eanio 2018-2021 e d\u00e1 outras provid\u00eancias.<\/p>\n<\/div><div class=\"sdm_download_link\"><span class=\"sdm_download_button\"><a href=\"https:\/\/estrelavelha.rs.gov.br\/portal\/?sdm_process_download=1&download_id=2713\" class=\"sdm_download grey\" title=\"Plano Plurianual 2018-2021\" target=\"_self\">Baixar agora!<\/a><\/span><span class=\"sdm_download_item_count\"><span class=\"sdm_item_count_number\">865<\/span><span class=\"sdm_item_count_string\"> Downloads<\/span><\/span><\/div><\/div><div class=\"sdm_download_item \"><div class=\"sdm_download_item_top\"><div class=\"sdm_download_thumbnail\"><\/div><div class=\"sdm_download_title\">Plano Plurianual 2014-2017<\/div><\/div><div style=\"clear:both;\"><\/div><div class=\"sdm_download_description\"><p>Disp\u00f5e sobre o Plano Plurianual \u2013 PPA \u2013 para o quadri\u00eanio 2014-2017 e d\u00e1 outras provid\u00eancias.<\/p>\n<\/div><div class=\"sdm_download_link\"><span class=\"sdm_download_button\"><a href=\"https:\/\/estrelavelha.rs.gov.br\/portal\/?sdm_process_download=1&download_id=2711\" class=\"sdm_download grey\" title=\"Plano Plurianual 2014-2017\" target=\"_self\">Baixar agora!<\/a><\/span><span class=\"sdm_download_item_count\"><span class=\"sdm_item_count_number\">868<\/span><span class=\"sdm_item_count_string\"> Downloads<\/span><\/span><\/div><\/div><div class=\"sdm_clear_float\"><\/div><div class=\"sdm_pagination\"><\/div>\n","protected":false},"excerpt":{"rendered":"Plano Plurianual 2018-2021Disp\u00f5e sobre o Plano Plurianual para o quadri\u00eanio 2018-2021 e d\u00e1 outras provid\u00eancias. Baixar agora!865 DownloadsPlano Plurianual 2014-2017Disp\u00f5e sobre o Plano Plurianual \u2013 PPA<span class=\"excerpt-hellip\"> [\u2026]<\/span>","protected":false},"author":1,"featured_media":0,"parent":0,"menu_order":0,"comment_status":"closed","ping_status":"closed","template":"","meta":[],"_links":{"self":[{"href":"https:\/\/estrelavelha.rs.gov.br\/portal\/wp-json\/wp\/v2\/pages\/2646"}],"collection":[{"href":"https:\/\/estrelavelha.rs.gov.br\/portal\/wp-json\/wp\/v2\/pages"}],"about":[{"href":"https:\/\/estrelavelha.rs.gov.br\/portal\/wp-json\/wp\/v2\/types\/page"}],"author":[{"embeddable":true,"href":"https:\/\/estrelavelha.rs.gov.br\/portal\/wp-json\/wp\/v2\/users\/1"}],"replies":[{"embeddable":true,"href":"https:\/\/estrelavelha.rs.gov.br\/portal\/wp-json\/wp\/v2\/comments?post=2646"}],"version-history":[{"count":1,"href":"https:\/\/estrelavelha.rs.gov.br\/portal\/wp-json\/wp\/v2\/pages\/2646\/revisions"}],"predecessor-version":[{"id":2647,"href":"https:\/\/estrelavelha.rs.gov.br\/portal\/wp-json\/wp\/v2\/pages\/2646\/revisions\/2647"}],"wp:attachment":[{"href":"https:\/\/estrelavelha.rs.gov.br\/portal\/wp-json\/wp\/v2\/media?parent=2646"}],"curies":[{"name":"wp","href":"https:\/\/api.w.org\/{rel}","templated":true}]}}