{"id":2551,"date":"2018-11-21T16:21:49","date_gmt":"2018-11-21T18:21:49","guid":{"rendered":"http:\/\/estrelavelha.rs.gov.br\/portal\/?page_id=2551"},"modified":"2018-11-21T16:21:49","modified_gmt":"2018-11-21T18:21:49","slug":"regime-juridico-dos-servidores","status":"publish","type":"page","link":"https:\/\/estrelavelha.rs.gov.br\/portal\/regime-juridico-dos-servidores\/","title":{"rendered":"Regime Jur\u00eddico dos Servidores"},"content":{"rendered":"<div class=\"sdm_download_item \"><div class=\"sdm_download_item_top\"><div class=\"sdm_download_thumbnail\"><\/div><div class=\"sdm_download_title\">Lei Municipal n\u00b0 1230<\/div><\/div><div style=\"clear:both;\"><\/div><div class=\"sdm_download_description\"><p>Acrescenta os \u00a7\u00a7 3\u00ba e 4\u00ba ao art. 106 e inclui o art. 106-A, na Lei Municipal n\u00ba 986, de 10 de outubro de 2011.<\/p>\n<\/div><div class=\"sdm_download_link\"><span class=\"sdm_download_button\"><a href=\"https:\/\/estrelavelha.rs.gov.br\/portal\/?sdm_process_download=1&download_id=2572\" class=\"sdm_download grey\" title=\"Lei Municipal n\u00b0 1230\" target=\"_self\">Baixar agora!<\/a><\/span><span class=\"sdm_download_item_count\"><span class=\"sdm_item_count_number\">1041<\/span><span class=\"sdm_item_count_string\"> Downloads<\/span><\/span><\/div><\/div><div class=\"sdm_download_item \"><div class=\"sdm_download_item_top\"><div class=\"sdm_download_thumbnail\"><\/div><div class=\"sdm_download_title\">Regime Jur\u00eddico dos Servidores P\u00fablicos<\/div><\/div><div style=\"clear:both;\"><\/div><div class=\"sdm_download_description\"><p>Disp\u00f5e sobre o regime jur\u00eddico dos servidores p\u00fablicos do Munic\u00edpio e d\u00e1 outras provid\u00eancias.<\/p>\n<\/div><div class=\"sdm_download_link\"><span class=\"sdm_download_button\"><a href=\"https:\/\/estrelavelha.rs.gov.br\/portal\/?sdm_process_download=1&download_id=2554\" class=\"sdm_download grey\" title=\"Regime Jur\u00eddico dos Servidores P\u00fablicos\" target=\"_self\">Baixar agora!<\/a><\/span><span class=\"sdm_download_item_count\"><span class=\"sdm_item_count_number\">1521<\/span><span class=\"sdm_item_count_string\"> Downloads<\/span><\/span><\/div><\/div><div class=\"sdm_clear_float\"><\/div><div class=\"sdm_pagination\"><\/div>\n","protected":false},"excerpt":{"rendered":"Lei Municipal n\u00b0 1230Acrescenta os \u00a7\u00a7 3\u00ba e 4\u00ba ao art. 106 e inclui o art. 106-A, na Lei Municipal n\u00ba 986, de 10 de outubro<span class=\"excerpt-hellip\"> [\u2026]<\/span>","protected":false},"author":1,"featured_media":0,"parent":0,"menu_order":0,"comment_status":"closed","ping_status":"closed","template":"","meta":[],"_links":{"self":[{"href":"https:\/\/estrelavelha.rs.gov.br\/portal\/wp-json\/wp\/v2\/pages\/2551"}],"collection":[{"href":"https:\/\/estrelavelha.rs.gov.br\/portal\/wp-json\/wp\/v2\/pages"}],"about":[{"href":"https:\/\/estrelavelha.rs.gov.br\/portal\/wp-json\/wp\/v2\/types\/page"}],"author":[{"embeddable":true,"href":"https:\/\/estrelavelha.rs.gov.br\/portal\/wp-json\/wp\/v2\/users\/1"}],"replies":[{"embeddable":true,"href":"https:\/\/estrelavelha.rs.gov.br\/portal\/wp-json\/wp\/v2\/comments?post=2551"}],"version-history":[{"count":1,"href":"https:\/\/estrelavelha.rs.gov.br\/portal\/wp-json\/wp\/v2\/pages\/2551\/revisions"}],"predecessor-version":[{"id":2552,"href":"https:\/\/estrelavelha.rs.gov.br\/portal\/wp-json\/wp\/v2\/pages\/2551\/revisions\/2552"}],"wp:attachment":[{"href":"https:\/\/estrelavelha.rs.gov.br\/portal\/wp-json\/wp\/v2\/media?parent=2551"}],"curies":[{"name":"wp","href":"https:\/\/api.w.org\/{rel}","templated":true}]}}