{"id":2489,"date":"2018-11-01T10:09:31","date_gmt":"2018-11-01T13:09:31","guid":{"rendered":"http:\/\/estrelavelha.rs.gov.br\/portal\/?page_id=2489"},"modified":"2018-11-01T10:09:31","modified_gmt":"2018-11-01T13:09:31","slug":"concurso-publico","status":"publish","type":"page","link":"https:\/\/estrelavelha.rs.gov.br\/portal\/concurso-publico\/","title":{"rendered":"Concurso P\u00fablico"},"content":{"rendered":"<div class=\"sdm_download_item \"><div class=\"sdm_download_item_top\"><div class=\"sdm_download_thumbnail\"><\/div><div class=\"sdm_download_title\">Edital054-2019-Convoca\u00e7\u00f5esConcursoP\u00fablico001-2009-Motoristas<\/div><\/div><div style=\"clear:both;\"><\/div><div class=\"sdm_download_description\"><\/div><div class=\"sdm_download_link\"><span class=\"sdm_download_button\"><a href=\"https:\/\/estrelavelha.rs.gov.br\/portal\/?sdm_process_download=1&download_id=3118\" class=\"sdm_download grey\" title=\"Edital054-2019-Convoca\u00e7\u00f5esConcursoP\u00fablico001-2009-Motoristas\" target=\"_self\">Baixar agora!<\/a><\/span><span class=\"sdm_download_item_count\"><span class=\"sdm_item_count_number\">1448<\/span><span class=\"sdm_item_count_string\"> Downloads<\/span><\/span><\/div><\/div><div class=\"sdm_download_item \"><div class=\"sdm_download_item_top\"><div class=\"sdm_download_thumbnail\"><\/div><div class=\"sdm_download_title\">Edital050-2019-Convoca\u00e7\u00f5esConcursoP\u00fablico001-2009-Enfermeiro<\/div><\/div><div style=\"clear:both;\"><\/div><div class=\"sdm_download_description\"><\/div><div class=\"sdm_download_link\"><span class=\"sdm_download_button\"><a href=\"https:\/\/estrelavelha.rs.gov.br\/portal\/?sdm_process_download=1&download_id=3116\" class=\"sdm_download grey\" title=\"Edital050-2019-Convoca\u00e7\u00f5esConcursoP\u00fablico001-2009-Enfermeiro\" target=\"_self\">Baixar agora!<\/a><\/span><span class=\"sdm_download_item_count\"><span class=\"sdm_item_count_number\">1303<\/span><span class=\"sdm_item_count_string\"> Downloads<\/span><\/span><\/div><\/div><div class=\"sdm_download_item \"><div class=\"sdm_download_item_top\"><div class=\"sdm_download_thumbnail\"><\/div><div class=\"sdm_download_title\">Edital049-2019-Convoca\u00e7\u00f5esConcursoP\u00fablico001-2009-Operador de M\u00e1quinas<\/div><\/div><div style=\"clear:both;\"><\/div><div class=\"sdm_download_description\"><\/div><div class=\"sdm_download_link\"><span class=\"sdm_download_button\"><a href=\"https:\/\/estrelavelha.rs.gov.br\/portal\/?sdm_process_download=1&download_id=3114\" class=\"sdm_download grey\" title=\"Edital049-2019-Convoca\u00e7\u00f5esConcursoP\u00fablico001-2009-Operador de M\u00e1quinas\" target=\"_self\">Baixar agora!<\/a><\/span><span class=\"sdm_download_item_count\"><span class=\"sdm_item_count_number\">863<\/span><span class=\"sdm_item_count_string\"> Downloads<\/span><\/span><\/div><\/div><div class=\"sdm_download_item \"><div class=\"sdm_download_item_top\"><div class=\"sdm_download_thumbnail\"><\/div><div class=\"sdm_download_title\">Edital048-2019-Convoca\u00e7\u00f5esConcursoP\u00fablico001-2009-Operador de M\u00e1quinas<\/div><\/div><div style=\"clear:both;\"><\/div><div class=\"sdm_download_description\"><\/div><div class=\"sdm_download_link\"><span class=\"sdm_download_button\"><a href=\"https:\/\/estrelavelha.rs.gov.br\/portal\/?sdm_process_download=1&download_id=3112\" class=\"sdm_download grey\" title=\"Edital048-2019-Convoca\u00e7\u00f5esConcursoP\u00fablico001-2009-Operador de M\u00e1quinas\" target=\"_self\">Baixar agora!<\/a><\/span><span class=\"sdm_download_item_count\"><span class=\"sdm_item_count_number\">787<\/span><span class=\"sdm_item_count_string\"> Downloads<\/span><\/span><\/div><\/div><div class=\"sdm_download_item \"><div class=\"sdm_download_item_top\"><div class=\"sdm_download_thumbnail\"><\/div><div class=\"sdm_download_title\">Edital047-2019-Convoca\u00e7\u00f5esConcursoP\u00fablico001-2009-Motorista<\/div><\/div><div style=\"clear:both;\"><\/div><div class=\"sdm_download_description\"><\/div><div class=\"sdm_download_link\"><span class=\"sdm_download_button\"><a href=\"https:\/\/estrelavelha.rs.gov.br\/portal\/?sdm_process_download=1&download_id=3087\" class=\"sdm_download grey\" title=\"Edital047-2019-Convoca\u00e7\u00f5esConcursoP\u00fablico001-2009-Motorista\" target=\"_self\">Baixar agora!<\/a><\/span><span class=\"sdm_download_item_count\"><span class=\"sdm_item_count_number\">864<\/span><span class=\"sdm_item_count_string\"> Downloads<\/span><\/span><\/div><\/div><div class=\"sdm_download_item \"><div class=\"sdm_download_item_top\"><div class=\"sdm_download_thumbnail\"><\/div><div class=\"sdm_download_title\">Edital027-2019-Convoca\u00e7\u00f5esConcursoP\u00fablico001-2018-Servente<\/div><\/div><div style=\"clear:both;\"><\/div><div class=\"sdm_download_description\"><\/div><div class=\"sdm_download_link\"><span class=\"sdm_download_button\"><a href=\"https:\/\/estrelavelha.rs.gov.br\/portal\/?sdm_process_download=1&download_id=3085\" class=\"sdm_download grey\" title=\"Edital027-2019-Convoca\u00e7\u00f5esConcursoP\u00fablico001-2018-Servente\" target=\"_self\">Baixar agora!<\/a><\/span><span class=\"sdm_download_item_count\"><span class=\"sdm_item_count_number\">966<\/span><span class=\"sdm_item_count_string\"> Downloads<\/span><\/span><\/div><\/div><div class=\"sdm_download_item \"><div class=\"sdm_download_item_top\"><div class=\"sdm_download_thumbnail\"><\/div><div class=\"sdm_download_title\">Edital025-2019-Convoca\u00e7\u00f5esConcursoP\u00fablico001-2018-Farmac\u00eautico<\/div><\/div><div style=\"clear:both;\"><\/div><div class=\"sdm_download_description\"><\/div><div class=\"sdm_download_link\"><span class=\"sdm_download_button\"><a href=\"https:\/\/estrelavelha.rs.gov.br\/portal\/?sdm_process_download=1&download_id=3082\" class=\"sdm_download grey\" title=\"Edital025-2019-Convoca\u00e7\u00f5esConcursoP\u00fablico001-2018-Farmac\u00eautico\" target=\"_self\">Baixar agora!<\/a><\/span><span class=\"sdm_download_item_count\"><span class=\"sdm_item_count_number\">904<\/span><span class=\"sdm_item_count_string\"> Downloads<\/span><\/span><\/div><\/div><div class=\"sdm_download_item \"><div class=\"sdm_download_item_top\"><div class=\"sdm_download_thumbnail\"><\/div><div class=\"sdm_download_title\">Edital017-2019-Convoca\u00e7\u00f5esConcursoP\u00fablico001-2018-Bioqu\u00edmico-M\u00e9dico<\/div><\/div><div style=\"clear:both;\"><\/div><div class=\"sdm_download_description\"><\/div><div class=\"sdm_download_link\"><span class=\"sdm_download_button\"><a href=\"https:\/\/estrelavelha.rs.gov.br\/portal\/?sdm_process_download=1&download_id=2965\" class=\"sdm_download grey\" title=\"Edital017-2019-Convoca\u00e7\u00f5esConcursoP\u00fablico001-2018-Bioqu\u00edmico-M\u00e9dico\" target=\"_self\">Baixar agora!<\/a><\/span><span class=\"sdm_download_item_count\"><span class=\"sdm_item_count_number\">1030<\/span><span class=\"sdm_item_count_string\"> Downloads<\/span><\/span><\/div><\/div><div class=\"sdm_download_item \"><div class=\"sdm_download_item_top\"><div class=\"sdm_download_thumbnail\"><\/div><div class=\"sdm_download_title\">Edital 016-2019 &#8211; Convoca\u00e7\u00f5esConcursoP\u00fablico001.2018 &#8211; Auxiliar Atendimento Educacional<\/div><\/div><div style=\"clear:both;\"><\/div><div class=\"sdm_download_description\"><\/div><div class=\"sdm_download_link\"><span class=\"sdm_download_button\"><a href=\"https:\/\/estrelavelha.rs.gov.br\/portal\/?sdm_process_download=1&download_id=2963\" class=\"sdm_download grey\" title=\"Edital 016-2019 &#8211; Convoca\u00e7\u00f5esConcursoP\u00fablico001.2018 &#8211; Auxiliar Atendimento Educacional\" target=\"_self\">Baixar agora!<\/a><\/span><span class=\"sdm_download_item_count\"><span class=\"sdm_item_count_number\">1154<\/span><span class=\"sdm_item_count_string\"> Downloads<\/span><\/span><\/div><\/div><div class=\"sdm_download_item \"><div class=\"sdm_download_item_top\"><div class=\"sdm_download_thumbnail\"><\/div><div class=\"sdm_download_title\">Edital n\u00ba 010\/2019 &#8211; Convoca\u00e7\u00e3o de Candidato Aprovado no Concurso P\u00fablico 001\/2018<\/div><\/div><div style=\"clear:both;\"><\/div><div class=\"sdm_download_description\"><\/div><div class=\"sdm_download_link\"><span class=\"sdm_download_button\"><a href=\"https:\/\/estrelavelha.rs.gov.br\/portal\/?sdm_process_download=1&download_id=2923\" class=\"sdm_download grey\" title=\"Edital n\u00ba 010\/2019 &#8211; Convoca\u00e7\u00e3o de Candidato Aprovado no Concurso P\u00fablico 001\/2018\" target=\"_self\">Baixar agora!<\/a><\/span><span class=\"sdm_download_item_count\"><span class=\"sdm_item_count_number\">1400<\/span><span class=\"sdm_item_count_string\"> Downloads<\/span><\/span><\/div><\/div><div class=\"sdm_download_item \"><div class=\"sdm_download_item_top\"><div class=\"sdm_download_thumbnail\"><\/div><div class=\"sdm_download_title\">Edital 002\/2019 &#8211; Convoca\u00e7\u00e3o de candidatos aprovados no Concurso P\u00fablico 001\/2018<\/div><\/div><div style=\"clear:both;\"><\/div><div class=\"sdm_download_description\"><\/div><div class=\"sdm_download_link\"><span class=\"sdm_download_button\"><a href=\"https:\/\/estrelavelha.rs.gov.br\/portal\/?sdm_process_download=1&download_id=2863\" class=\"sdm_download grey\" title=\"Edital 002\/2019 &#8211; Convoca\u00e7\u00e3o de candidatos aprovados no Concurso P\u00fablico 001\/2018\" target=\"_self\">Baixar agora!<\/a><\/span><span class=\"sdm_download_item_count\"><span class=\"sdm_item_count_number\">1929<\/span><span class=\"sdm_item_count_string\"> Downloads<\/span><\/span><\/div><\/div><div class=\"sdm_download_item \"><div class=\"sdm_download_item_top\"><div class=\"sdm_download_thumbnail\"><\/div><div class=\"sdm_download_title\">EDITAL N\u00ba 18\/2019 \u2013 EDITAL DE HOMOLOGA\u00c7\u00c3O DO RESULTADO FINAL<\/div><\/div><div style=\"clear:both;\"><\/div><div class=\"sdm_download_description\"><\/div><div class=\"sdm_download_link\"><span class=\"sdm_download_button\"><a href=\"https:\/\/estrelavelha.rs.gov.br\/portal\/?sdm_process_download=1&download_id=2858\" class=\"sdm_download grey\" title=\"EDITAL N\u00ba 18\/2019 \u2013 EDITAL DE HOMOLOGA\u00c7\u00c3O DO RESULTADO FINAL\" target=\"_self\">Baixar agora!<\/a><\/span><span class=\"sdm_download_item_count\"><span class=\"sdm_item_count_number\">1757<\/span><span class=\"sdm_item_count_string\"> Downloads<\/span><\/span><\/div><\/div><div class=\"sdm_download_item \"><div class=\"sdm_download_item_top\"><div class=\"sdm_download_thumbnail\"><\/div><div class=\"sdm_download_title\">EDITAL N\u00ba 17\/2019 \u2013 NOTAS OFICIAIS DA PROVA PR\u00c1TICA<\/div><\/div><div style=\"clear:both;\"><\/div><div class=\"sdm_download_description\"><\/div><div class=\"sdm_download_link\"><span class=\"sdm_download_button\"><a href=\"https:\/\/estrelavelha.rs.gov.br\/portal\/?sdm_process_download=1&download_id=2853\" class=\"sdm_download grey\" title=\"EDITAL N\u00ba 17\/2019 \u2013 NOTAS OFICIAIS DA PROVA PR\u00c1TICA\" target=\"_self\">Baixar agora!<\/a><\/span><span class=\"sdm_download_item_count\"><span class=\"sdm_item_count_number\">1068<\/span><span class=\"sdm_item_count_string\"> Downloads<\/span><\/span><\/div><\/div><div class=\"sdm_download_item \"><div class=\"sdm_download_item_top\"><div class=\"sdm_download_thumbnail\"><\/div><div class=\"sdm_download_title\">EDITAL N\u00ba 16\/2019 \u2013 NOTAS OFICIAIS DA PROVA DE T\u00cdTULOS<\/div><\/div><div style=\"clear:both;\"><\/div><div class=\"sdm_download_description\"><\/div><div class=\"sdm_download_link\"><span class=\"sdm_download_button\"><a href=\"https:\/\/estrelavelha.rs.gov.br\/portal\/?sdm_process_download=1&download_id=2851\" class=\"sdm_download grey\" title=\"EDITAL N\u00ba 16\/2019 \u2013 NOTAS OFICIAIS DA PROVA DE T\u00cdTULOS\" target=\"_self\">Baixar agora!<\/a><\/span><span class=\"sdm_download_item_count\"><span class=\"sdm_item_count_number\">855<\/span><span class=\"sdm_item_count_string\"> Downloads<\/span><\/span><\/div><\/div><div class=\"sdm_download_item \"><div class=\"sdm_download_item_top\"><div class=\"sdm_download_thumbnail\"><\/div><div class=\"sdm_download_title\">EDITAL N\u00ba 15\/2019 \u2013 NOTAS PRELIMINARES DA PROVA DE T\u00cdTULOS<\/div><\/div><div style=\"clear:both;\"><\/div><div class=\"sdm_download_description\"><\/div><div class=\"sdm_download_link\"><span class=\"sdm_download_button\"><a href=\"https:\/\/estrelavelha.rs.gov.br\/portal\/?sdm_process_download=1&download_id=2848\" class=\"sdm_download grey\" title=\"EDITAL N\u00ba 15\/2019 \u2013 NOTAS PRELIMINARES DA PROVA DE T\u00cdTULOS\" target=\"_self\">Baixar agora!<\/a><\/span><span class=\"sdm_download_item_count\"><span class=\"sdm_item_count_number\">1104<\/span><span class=\"sdm_item_count_string\"> Downloads<\/span><\/span><\/div><\/div><div class=\"sdm_download_item \"><div class=\"sdm_download_item_top\"><div class=\"sdm_download_thumbnail\"><\/div><div class=\"sdm_download_title\">EDITAL N\u00ba 14\/2019 \u2013 NOTAS PRELIMINARES DA PROVA PR\u00c1TICA<\/div><\/div><div style=\"clear:both;\"><\/div><div class=\"sdm_download_description\"><\/div><div class=\"sdm_download_link\"><span class=\"sdm_download_button\"><a href=\"https:\/\/estrelavelha.rs.gov.br\/portal\/?sdm_process_download=1&download_id=2844\" class=\"sdm_download grey\" title=\"EDITAL N\u00ba 14\/2019 \u2013 NOTAS PRELIMINARES DA PROVA PR\u00c1TICA\" target=\"_self\">Baixar agora!<\/a><\/span><span class=\"sdm_download_item_count\"><span class=\"sdm_item_count_number\">958<\/span><span class=\"sdm_item_count_string\"> Downloads<\/span><\/span><\/div><\/div><div class=\"sdm_download_item \"><div class=\"sdm_download_item_top\"><div class=\"sdm_download_thumbnail\"><\/div><div class=\"sdm_download_title\">EDITAL N\u00ba 13\/2019 \u2013 RETIFICA\u00c7\u00c3O DO EDITAL DE CONVOCA\u00c7\u00c3O PARA PROVA PR\u00c1TICA<\/div><\/div><div style=\"clear:both;\"><\/div><div class=\"sdm_download_description\"><\/div><div class=\"sdm_download_link\"><span class=\"sdm_download_button\"><a href=\"https:\/\/estrelavelha.rs.gov.br\/portal\/?sdm_process_download=1&download_id=2803\" class=\"sdm_download grey\" title=\"EDITAL N\u00ba 13\/2019 \u2013 RETIFICA\u00c7\u00c3O DO EDITAL DE CONVOCA\u00c7\u00c3O PARA PROVA PR\u00c1TICA\" target=\"_self\">Baixar agora!<\/a><\/span><span class=\"sdm_download_item_count\"><span class=\"sdm_item_count_number\">917<\/span><span class=\"sdm_item_count_string\"> Downloads<\/span><\/span><\/div><\/div><div class=\"sdm_download_item \"><div class=\"sdm_download_item_top\"><div class=\"sdm_download_thumbnail\"><\/div><div class=\"sdm_download_title\">EDITAL N\u00ba 12\/2019 \u2013 CONVOCA\u00c7\u00c3O PARA PROVA PR\u00c1TICA<\/div><\/div><div style=\"clear:both;\"><\/div><div class=\"sdm_download_description\"><\/div><div class=\"sdm_download_link\"><span class=\"sdm_download_button\"><a href=\"https:\/\/estrelavelha.rs.gov.br\/portal\/?sdm_process_download=1&download_id=2799\" class=\"sdm_download grey\" title=\"EDITAL N\u00ba 12\/2019 \u2013 CONVOCA\u00c7\u00c3O PARA PROVA PR\u00c1TICA\" target=\"_self\">Baixar agora!<\/a><\/span><span class=\"sdm_download_item_count\"><span class=\"sdm_item_count_number\">1006<\/span><span class=\"sdm_item_count_string\"> Downloads<\/span><\/span><\/div><\/div><div class=\"sdm_download_item \"><div class=\"sdm_download_item_top\"><div class=\"sdm_download_thumbnail\"><\/div><div class=\"sdm_download_title\">EDITAL N\u00ba 11\/2019 \u2013 CONVOCA\u00c7\u00c3O PARA A PROVA DE T\u00cdTULOS<\/div><\/div><div style=\"clear:both;\"><\/div><div class=\"sdm_download_description\"><\/div><div class=\"sdm_download_link\"><span class=\"sdm_download_button\"><a href=\"https:\/\/estrelavelha.rs.gov.br\/portal\/?sdm_process_download=1&download_id=2797\" class=\"sdm_download grey\" title=\"EDITAL N\u00ba 11\/2019 \u2013 CONVOCA\u00c7\u00c3O PARA A PROVA DE T\u00cdTULOS\" target=\"_self\">Baixar agora!<\/a><\/span><span class=\"sdm_download_item_count\"><span class=\"sdm_item_count_number\">899<\/span><span class=\"sdm_item_count_string\"> Downloads<\/span><\/span><\/div><\/div><div class=\"sdm_download_item \"><div class=\"sdm_download_item_top\"><div class=\"sdm_download_thumbnail\"><\/div><div class=\"sdm_download_title\">EDITAL N\u00ba 10\/2019 \u2013 NOTAS OFICIAIS DA PROVA TE\u00d3RICO-OBJETIVA<\/div><\/div><div style=\"clear:both;\"><\/div><div class=\"sdm_download_description\"><\/div><div class=\"sdm_download_link\"><span class=\"sdm_download_button\"><a href=\"https:\/\/estrelavelha.rs.gov.br\/portal\/?sdm_process_download=1&download_id=2795\" class=\"sdm_download grey\" title=\"EDITAL N\u00ba 10\/2019 \u2013 NOTAS OFICIAIS DA PROVA TE\u00d3RICO-OBJETIVA\" target=\"_self\">Baixar agora!<\/a><\/span><span class=\"sdm_download_item_count\"><span class=\"sdm_item_count_number\">1534<\/span><span class=\"sdm_item_count_string\"> Downloads<\/span><\/span><\/div><\/div><div class=\"sdm_clear_float\"><\/div><div class=\"sdm_pagination\"><span aria-current=\"page\" class=\"page-numbers current\">1<\/span>\n<a class=\"page-numbers\" href=\"https:\/\/estrelavelha.rs.gov.br\/portal\/wp-json\/wp\/v2\/pages\/2489\/page\/2\/\">2<\/a>\n<a class=\"next page-numbers\" href=\"https:\/\/estrelavelha.rs.gov.br\/portal\/wp-json\/wp\/v2\/pages\/2489\/page\/2\/\">&raquo;<\/a><\/div>\n","protected":false},"excerpt":{"rendered":"Edital054-2019-Convoca\u00e7\u00f5esConcursoP\u00fablico001-2009-MotoristasBaixar agora!1448 DownloadsEdital050-2019-Convoca\u00e7\u00f5esConcursoP\u00fablico001-2009-EnfermeiroBaixar agora!1303 DownloadsEdital049-2019-Convoca\u00e7\u00f5esConcursoP\u00fablico001-2009-Operador de M\u00e1quinasBaixar agora!863 DownloadsEdital048-2019-Convoca\u00e7\u00f5esConcursoP\u00fablico001-2009-Operador de M\u00e1quinasBaixar agora!787 DownloadsEdital047-2019-Convoca\u00e7\u00f5esConcursoP\u00fablico001-2009-MotoristaBaixar agora!864 DownloadsEdital027-2019-Convoca\u00e7\u00f5esConcursoP\u00fablico001-2018-ServenteBaixar agora!966 DownloadsEdital025-2019-Convoca\u00e7\u00f5esConcursoP\u00fablico001-2018-Farmac\u00eauticoBaixar agora!904 DownloadsEdital017-2019-Convoca\u00e7\u00f5esConcursoP\u00fablico001-2018-Bioqu\u00edmico-M\u00e9dicoBaixar agora!1030 DownloadsEdital 016-2019 &#8211; Convoca\u00e7\u00f5esConcursoP\u00fablico001.2018 &#8211; Auxiliar<span class=\"excerpt-hellip\"> [\u2026]<\/span>","protected":false},"author":1,"featured_media":0,"parent":0,"menu_order":0,"comment_status":"closed","ping_status":"closed","template":"","meta":[],"_links":{"self":[{"href":"https:\/\/estrelavelha.rs.gov.br\/portal\/wp-json\/wp\/v2\/pages\/2489"}],"collection":[{"href":"https:\/\/estrelavelha.rs.gov.br\/portal\/wp-json\/wp\/v2\/pages"}],"about":[{"href":"https:\/\/estrelavelha.rs.gov.br\/portal\/wp-json\/wp\/v2\/types\/page"}],"author":[{"embeddable":true,"href":"https:\/\/estrelavelha.rs.gov.br\/portal\/wp-json\/wp\/v2\/users\/1"}],"replies":[{"embeddable":true,"href":"https:\/\/estrelavelha.rs.gov.br\/portal\/wp-json\/wp\/v2\/comments?post=2489"}],"version-history":[{"count":2,"href":"https:\/\/estrelavelha.rs.gov.br\/portal\/wp-json\/wp\/v2\/pages\/2489\/revisions"}],"predecessor-version":[{"id":3293,"href":"https:\/\/estrelavelha.rs.gov.br\/portal\/wp-json\/wp\/v2\/pages\/2489\/revisions\/3293"}],"wp:attachment":[{"href":"https:\/\/estrelavelha.rs.gov.br\/portal\/wp-json\/wp\/v2\/media?parent=2489"}],"curies":[{"name":"wp","href":"https:\/\/api.w.org\/{rel}","templated":true}]}}