{"id":2464,"date":"2018-10-18T13:29:48","date_gmt":"2018-10-18T16:29:48","guid":{"rendered":"http:\/\/estrelavelha.rs.gov.br\/portal\/?page_id=2464"},"modified":"2026-02-24T16:40:06","modified_gmt":"2026-02-24T19:40:06","slug":"secretaria-municipal-da-agricultura","status":"publish","type":"page","link":"https:\/\/estrelavelha.rs.gov.br\/portal\/secretaria-municipal-da-agricultura\/","title":{"rendered":"Secretaria Municipal da Agricultura, Fomento Econ\u00f4mico e Meio Ambiente"},"content":{"rendered":"<p><strong><img decoding=\"async\" loading=\"lazy\" class=\"wp-image-7030  alignleft\" src=\"https:\/\/estrelavelha.rs.gov.br\/portal\/wp-content\/uploads\/2026\/02\/Adelar-Maciel-Correa-\u2013-Secretario-de-Agricultura-Fomento-Economico-e-Meio-Ambiente-225x300.jpg\" alt=\"\" width=\"200\" height=\"267\" srcset=\"https:\/\/estrelavelha.rs.gov.br\/portal\/wp-content\/uploads\/2026\/02\/Adelar-Maciel-Correa-\u2013-Secretario-de-Agricultura-Fomento-Economico-e-Meio-Ambiente-225x300.jpg 225w, https:\/\/estrelavelha.rs.gov.br\/portal\/wp-content\/uploads\/2026\/02\/Adelar-Maciel-Correa-\u2013-Secretario-de-Agricultura-Fomento-Economico-e-Meio-Ambiente-110x146.jpg 110w, https:\/\/estrelavelha.rs.gov.br\/portal\/wp-content\/uploads\/2026\/02\/Adelar-Maciel-Correa-\u2013-Secretario-de-Agricultura-Fomento-Economico-e-Meio-Ambiente-38x50.jpg 38w, https:\/\/estrelavelha.rs.gov.br\/portal\/wp-content\/uploads\/2026\/02\/Adelar-Maciel-Correa-\u2013-Secretario-de-Agricultura-Fomento-Economico-e-Meio-Ambiente-56x75.jpg 56w, https:\/\/estrelavelha.rs.gov.br\/portal\/wp-content\/uploads\/2026\/02\/Adelar-Maciel-Correa-\u2013-Secretario-de-Agricultura-Fomento-Economico-e-Meio-Ambiente.jpg 651w\" sizes=\"(max-width: 200px) 100vw, 200px\" \/>Secretaria Municipal da Agricultura, Fomento Econ\u00f4mico e Meio Ambiente <\/strong><\/p>\n<p><strong>Secret\u00e1rio:\u00a0<\/strong>Adelar Maciel Corr\u00eaa<br \/>\n<strong>Endere\u00e7o:<\/strong> Av. Lauro Billig de Castilhos<br \/>\n<strong>Telefone:<\/strong> (51) 9 8919-0526<br \/>\n<strong>Email:<\/strong><br \/>\n<strong>Hor\u00e1rio de Atendimento:\u00a0<\/strong> Segunda a Sexta-feira \u2013 <u>7h45 \u00e0s 12h &#8211; 13h15 \u00e0s 17h<\/u>.<\/p>\n<p style=\"text-align: justify;\"><strong>Atribui\u00e7\u00f5es da Secretaria Municipal da Agricultura e Meio Ambiente:<\/strong><\/p>\n<p>Art. 31 &#8211; A SECRETARIA MUNICIPAL DE AGRICULTURA E FOMENTO ECON\u00d4MICO \u00e9 a unidade encarregada de:<br \/>\nI &#8211; incentivar os produtores para sua fixa\u00e7\u00e3o no meio rural;<br \/>\nII &#8211; desenvolver pol\u00edtica agr\u00edcola local com perspectiva de crescimento econ\u00f4mico e preserva\u00e7\u00e3o ambiental;<br \/>\nIII &#8211; promover programas de amplia\u00e7\u00e3o da infraestrutura rural;<br \/>\nIV &#8211; coordenar as atividades de programas criados por lei;<br \/>\nV &#8211; dar apoio \u00e0 fiscaliza\u00e7\u00e3o de produtos de origem animal;<br \/>\nVI &#8211; oferecer servi\u00e7o de insemina\u00e7\u00f5es artificiais;<br \/>\nVII &#8211; outros atividades afins.<br \/>\nPar\u00e1grafo \u00danico &#8211; Integram sua estrutura os departamentos e se\u00e7\u00e3o previstos no art. 2\u00ba, \u00a7 3\u00ba, inciso I, al\u00edneas \u201ca\u201d a \u201cc\u201d desta Lei.<br \/>\nArt. 32 &#8211; A Se\u00e7\u00e3o de Apoio Administrativo fica encarregada de secretariar diretamente o Secret\u00e1rio Municipal nas atividades de expediente, tais como:<br \/>\nI &#8211; elabora\u00e7\u00e3o, digita\u00e7\u00e3o, expedi\u00e7\u00e3o e arquivamento de correspond\u00eancias e documentos afins;<br \/>\nII &#8211; controle de conv\u00eanios;<br \/>\nIII &#8211; arquivamento de todos os documentos que devam ter guarda permanente obrigat\u00f3ria;<br \/>\nIV &#8211; disponibilizar, para a Contabilidade, relat\u00f3rios da Secretaria necess\u00e1rios \u00e0 presta\u00e7\u00e3o de contas anual;<br \/>\nV &#8211; se inteirar mensalmente da situa\u00e7\u00e3o das receitas e despesas da Secretaria de Agricultura;<br \/>\nVI &#8211; repassar ao Setor de Tributa\u00e7\u00e3o rela\u00e7\u00e3o de servi\u00e7os efetuados com ve\u00edculos e m\u00e1quinas da Secretaria, de acordo com determina\u00e7\u00f5es superiores;<br \/>\nVII &#8211; se inteirar mensalmente da situa\u00e7\u00e3o dos contribuintes em d\u00e9bito com o Munic\u00edpio, bem como repassar aos motoristas e operadores, para que n\u00e3o efetuem servi\u00e7os aos mesmos;<br \/>\nVIII &#8211; auxiliar na elabora\u00e7\u00e3o de projetos;<br \/>\nIX &#8211; preparar as presta\u00e7\u00f5es de contas de recursos recebidos de outras esferas de governo, aplicados em projetos ou programas da Secretaria;<br \/>\nX &#8211; outras afins.<br \/>\nArt. 33 &#8211; O Departamento de Infra-estrutura e Fomento \u00e0 Produ\u00e7\u00e3o Rural deve atuar em iniciativas comunit\u00e1rias, tais como:<br \/>\nI &#8211; implanta\u00e7\u00e3o de sistemas simplificados de abastecimento de \u00e1gua pot\u00e1vel;<br \/>\nII &#8211; projetos de eletrifica\u00e7\u00e3o rural;<br \/>\nIII &#8211; irriga\u00e7\u00e3o;<br \/>\nIV &#8211; outros projetos de repercuss\u00e3o micro-regional do munic\u00edpio;<br \/>\nV &#8211; facilitar a obten\u00e7\u00e3o de sementes, calc\u00e1rio e fertilizantes por parte dos produtores, atrav\u00e9s de sistema troca-troca;<br \/>\nVI &#8211; promover, por si ou em conv\u00eanio com outras entidades, assist\u00eancia t\u00e9cnica e treinamentos a produtores;<br \/>\nVII &#8211; facilitar a realiza\u00e7\u00e3o de trabalhos de m\u00e1quinas atrav\u00e9s de servi\u00e7os de patrulha agr\u00edcola;<br \/>\nVIII &#8211; promover fornecimento de mudas de esp\u00e9cies para reflorestamento;<br \/>\nIX &#8211; outras atividades afins.<br \/>\nArt. 34 &#8211; O Departamento de Fomento Industrial tem por finalidade motivar, captar e orientar o meio empresarial para investimentos no Munic\u00edpio, atrav\u00e9s de adequadas pol\u00edticas financeiras, tribut\u00e1rias e fiscais.<br \/>\nI \u2013 Posto Veterin\u00e1rio e Zoot\u00e9cnico;<br \/>\nII &#8211; Conselho Municipal de Desenvolvimento Rural &#8211; COMDER.<br \/>\nIII \u2013 Presta\u00e7\u00e3o de servi\u00e7o \u2013 horas maquinas;<\/p>\n","protected":false},"excerpt":{"rendered":"<p>Secretaria Municipal da Agricultura, Fomento Econ\u00f4mico e Meio Ambiente Secret\u00e1rio:\u00a0Adelar Maciel Corr\u00eaa Endere\u00e7o: Av. Lauro Billig de Castilhos Telefone: (51) 9 8919-0526 Email: Hor\u00e1rio de Atendimento:\u00a0<span class=\"excerpt-hellip\"> [\u2026]<\/span><\/p>\n","protected":false},"author":1,"featured_media":0,"parent":0,"menu_order":0,"comment_status":"closed","ping_status":"closed","template":"","meta":[],"_links":{"self":[{"href":"https:\/\/estrelavelha.rs.gov.br\/portal\/wp-json\/wp\/v2\/pages\/2464"}],"collection":[{"href":"https:\/\/estrelavelha.rs.gov.br\/portal\/wp-json\/wp\/v2\/pages"}],"about":[{"href":"https:\/\/estrelavelha.rs.gov.br\/portal\/wp-json\/wp\/v2\/types\/page"}],"author":[{"embeddable":true,"href":"https:\/\/estrelavelha.rs.gov.br\/portal\/wp-json\/wp\/v2\/users\/1"}],"replies":[{"embeddable":true,"href":"https:\/\/estrelavelha.rs.gov.br\/portal\/wp-json\/wp\/v2\/comments?post=2464"}],"version-history":[{"count":15,"href":"https:\/\/estrelavelha.rs.gov.br\/portal\/wp-json\/wp\/v2\/pages\/2464\/revisions"}],"predecessor-version":[{"id":7032,"href":"https:\/\/estrelavelha.rs.gov.br\/portal\/wp-json\/wp\/v2\/pages\/2464\/revisions\/7032"}],"wp:attachment":[{"href":"https:\/\/estrelavelha.rs.gov.br\/portal\/wp-json\/wp\/v2\/media?parent=2464"}],"curies":[{"name":"wp","href":"https:\/\/api.w.org\/{rel}","templated":true}]}}