{"id":2440,"date":"2018-08-30T11:34:13","date_gmt":"2018-08-30T14:34:13","guid":{"rendered":"http:\/\/estrelavelha.rs.gov.br\/portal\/?page_id=2440"},"modified":"2026-02-24T16:42:50","modified_gmt":"2026-02-24T19:42:50","slug":"secretaria-municipal-da-educacao","status":"publish","type":"page","link":"https:\/\/estrelavelha.rs.gov.br\/portal\/secretaria-municipal-da-educacao\/","title":{"rendered":"Secretaria Municipal da Educa\u00e7\u00e3o"},"content":{"rendered":"\t\t<div data-elementor-type=\"wp-page\" data-elementor-id=\"2440\" class=\"elementor elementor-2440\">\n\t\t\t\t\t\t\t\t\t<section class=\"elementor-section elementor-top-section elementor-element elementor-element-7247f0e7 elementor-section-boxed elementor-section-height-default elementor-section-height-default\" data-id=\"7247f0e7\" data-element_type=\"section\">\n\t\t\t\t\t\t<div class=\"elementor-container elementor-column-gap-default\">\n\t\t\t\t\t<div class=\"elementor-column elementor-col-100 elementor-top-column elementor-element elementor-element-4a59c04b\" data-id=\"4a59c04b\" data-element_type=\"column\">\n\t\t\t<div class=\"elementor-widget-wrap elementor-element-populated\">\n\t\t\t\t\t\t\t\t<div class=\"elementor-element elementor-element-58289994 elementor-widget elementor-widget-text-editor\" data-id=\"58289994\" data-element_type=\"widget\" data-widget_type=\"text-editor.default\">\n\t\t\t\t<div class=\"elementor-widget-container\">\n\t\t\t<style>\/*! elementor - v3.14.0 - 26-06-2023 *\/\n.elementor-widget-text-editor.elementor-drop-cap-view-stacked .elementor-drop-cap{background-color:#69727d;color:#fff}.elementor-widget-text-editor.elementor-drop-cap-view-framed .elementor-drop-cap{color:#69727d;border:3px solid;background-color:transparent}.elementor-widget-text-editor:not(.elementor-drop-cap-view-default) .elementor-drop-cap{margin-top:8px}.elementor-widget-text-editor:not(.elementor-drop-cap-view-default) .elementor-drop-cap-letter{width:1em;height:1em}.elementor-widget-text-editor .elementor-drop-cap{float:left;text-align:center;line-height:1;font-size:50px}.elementor-widget-text-editor .elementor-drop-cap-letter{display:inline-block}<\/style>\t\t\t\t<p style=\"text-align: justify;\"><strong><img decoding=\"async\" loading=\"lazy\" class=\"wp-image-7036 alignleft\" src=\"https:\/\/estrelavelha.rs.gov.br\/portal\/wp-content\/uploads\/2026\/02\/Christiane-Raquel-Ravanello-Castilhos-\u2013-Secretaria-de-Educacao-225x300.jpg\" alt=\"\" width=\"200\" height=\"267\" srcset=\"https:\/\/estrelavelha.rs.gov.br\/portal\/wp-content\/uploads\/2026\/02\/Christiane-Raquel-Ravanello-Castilhos-\u2013-Secretaria-de-Educacao-225x300.jpg 225w, https:\/\/estrelavelha.rs.gov.br\/portal\/wp-content\/uploads\/2026\/02\/Christiane-Raquel-Ravanello-Castilhos-\u2013-Secretaria-de-Educacao-110x146.jpg 110w, https:\/\/estrelavelha.rs.gov.br\/portal\/wp-content\/uploads\/2026\/02\/Christiane-Raquel-Ravanello-Castilhos-\u2013-Secretaria-de-Educacao-38x50.jpg 38w, https:\/\/estrelavelha.rs.gov.br\/portal\/wp-content\/uploads\/2026\/02\/Christiane-Raquel-Ravanello-Castilhos-\u2013-Secretaria-de-Educacao-56x75.jpg 56w, https:\/\/estrelavelha.rs.gov.br\/portal\/wp-content\/uploads\/2026\/02\/Christiane-Raquel-Ravanello-Castilhos-\u2013-Secretaria-de-Educacao.jpg 630w\" sizes=\"(max-width: 200px) 100vw, 200px\" \/>Secretaria Municipal da Educa\u00e7\u00e3o<\/strong><\/p>\n<p style=\"text-align: justify;\"><strong>Secret\u00e1ria: <\/strong>Christiane Raquel Ravanello Castilhos<strong><br>Endere\u00e7o:<\/strong> Centro Administrativo Municipal<br><span style=\"color: var( --e-global-color-text ); letter-spacing: 0px;\">&nbsp;Av. Jo\u00e3o Luiz Billig, 27 &#8211; Centro<\/span><\/p>\n<p style=\"text-align: justify;\"><strong>Hor\u00e1rio de Atendimento<\/strong>: Segunda a Sexta-feira \u2013 <u>7h45 \u00e0s 12h &#8211; 13h15 \u00e0s 17h<\/u>.<\/p>\n<p style=\"text-align: justify;\"><strong>Telefone:<\/strong> (51) 3616-7012<\/p>\n<p style=\"text-align: justify;\"><strong>E-mail: <\/strong><a href=\"mailto:ev.educacao@terra.com.br\">ev.educacao@terra.com.br<\/a><\/p><p style=\"text-align: justify;\"><br><\/p><p style=\"text-align: justify;\"><br><\/p><p style=\"text-align: justify;\"><br><\/p>\n<p>A Secretaria Municipal da Educa\u00e7\u00e3o de Estrela Velha desempenha um importante papel no contexto da educa\u00e7\u00e3o, a qual est\u00e1 encarregada de garantir a universaliza\u00e7\u00e3o da Educa\u00e7\u00e3o Infantil e do Ensino Fundamental, em conson\u00e2ncia com o Plano Municipal da Educa\u00e7\u00e3o.<\/p>\n<p>Neste sentido, a escola tem o compromisso com a forma\u00e7\u00e3o integral do aluno, inspirada nos princ\u00edpios de liberdade e nos ideais de solidariedade humana, vivenciando valores, atitudes e preparando-o para o exerc\u00edcio da cidadania (Regimento Escolar, 2014).<\/p>\n<p>Atualmente conta com 3 (tr\u00eas) escolas municipais, composta por 01 (uma) Escola de Educa\u00e7\u00e3o Infantil (zona urbana) que atende crian\u00e7as de 01 (um) a 05(cinco) anos; 01 (uma) Escola de Ensino Fundamental (zona urbana) que atende de 1\u00ba ao 9\u00ba ano&nbsp; e 01(uma) Escola de Ensino Fundamental(zona rural) que atende a Educa\u00e7\u00e3o Infantil ( 3 a 5 anos) e de 1\u00ba ao 6\u00ba ano, somando aproximadamente 380 ( trezentos e oitenta) educandos.<\/p>\n<p>S\u00e3o desempenhadas diversas atribui\u00e7\u00f5es como:&nbsp;manuten\u00e7\u00e3o da infraestrutura escolar; manuten\u00e7\u00e3o do transporte escolar; coordena\u00e7\u00e3o e distribui\u00e7\u00e3o da alimenta\u00e7\u00e3o escolar; distribui\u00e7\u00e3o de material did\u00e1tico, higiene e limpeza; manuten\u00e7\u00e3o as bibliotecas nas escolas; atendimento e assist\u00eancia a aluno especial; planejamento e execu\u00e7\u00e3o da proposta pedag\u00f3gica; cumprimento das metas estabelecidas no Plano Municipal da Educa\u00e7\u00e3o; controle da frequ\u00eancia dos educandos; supervis\u00e3o e orienta\u00e7\u00e3o pedag\u00f3gica nas escolas; proporcionar forma\u00e7\u00e3o continuada Forma\u00e7\u00e3o Pedag\u00f3gica para aperfei\u00e7oamento dos docentes; assegurar o cumprimento do calend\u00e1rio escolar; assist\u00eancia e suporte t\u00e9cnico; elabora\u00e7\u00e3o e desenvolvimento de projetos educacionais; implanta\u00e7\u00e3o a educa\u00e7\u00e3o em tempo integral; articula\u00e7\u00e3o, elabora\u00e7\u00e3o e execu\u00e7\u00e3o dos programas da educa\u00e7\u00e3o e&nbsp;promover Conv\u00eanios com Entidades Particulares, Estaduais e Governo Federal; manuten\u00e7\u00e3o de cadastros escolares; apoio aos CPM\u2019s das escolas; coordenar o processo de matr\u00edculas escolares; elabora\u00e7\u00e3o de presta\u00e7\u00e3o de contas de recursos recebidos; recensear a popula\u00e7\u00e3o com idade escolar; assessorar o Executivo nas atividades vinculadas \u00e0 Secretaria, e demais atividades correlacionadas.<\/p>\n<p style=\"text-align: justify;\"><strong>Supervisora<\/strong>: M\u00f4nica Olinda Seibert<\/p>\n<p style=\"text-align: justify;\"><strong>Nutricionista<\/strong>: Jamile Della M\u00e9a Werle<\/p>\n<p style=\"text-align: justify;\"><strong>Agente Administrativo Auxiliar: <\/strong>Ana Paula Limberger Speth e Cristiane Gracieli Schneider<\/p>\n<p style=\"text-align: justify;\">Escolas da Rede Municipal de Ensino:<\/p>\n<ul style=\"text-align: justify;\">\n<li><strong>Escola Municipal de Educa\u00e7\u00e3o Infantil Alzira Nunes Ceolin<\/strong><br>Diretora: Renilda Terezinha Zini<br>Rua Setembrino Pinto Pereira n\u00ba 100<br>Estrela Velha &#8211; RS<br>Fone: 51 3616 &#8211; 7133<br>Hor\u00e1rio de atendimento: 07h30 \u00e0s 17h10<\/li>\n<\/ul>\n<ul style=\"text-align: justify;\">\n<li><strong>Escola Municipal de Ensino Fundamental \u00c1lvaro Rodrigues Leit\u00e3o<br><\/strong>Diretora: Leonise Mira Koeller Rossato<br>Rua S\u00e9rgio Trevisan Ceolin, 96<br>Estrela Velha &#8211; RS<br>Fone: 51 3616 &#8211; 7132<br>Hor\u00e1rio de atendimento: 07h20 \u00e0s 11h20 e 13h \u00e0s 17h<\/li>\n<li><strong>Escola Municipal de Ensino Fundamental 25 de Julho<\/strong><br>Diretora: Ana Maria Brixner Somavilla<br>Linha S\u00e3o Marcos \u2013 Interior<br>Estrela Velha &#8211; RS<br>Fone: 51 3616 7134<br>Hor\u00e1rio de atendimento: 07h20 \u00e0s 11h20 e 13h \u00e0s 17h<\/li>\n<\/ul>\n<p style=\"text-align: justify;\">\n<\/p>\t\t\t\t\t\t<\/div>\n\t\t\t\t<\/div>\n\t\t\t\t\t<\/div>\n\t\t<\/div>\n\t\t\t\t\t\t\t<\/div>\n\t\t<\/section>\n\t\t\t\t<section class=\"elementor-section elementor-top-section elementor-element elementor-element-6645f19 elementor-section-boxed elementor-section-height-default elementor-section-height-default\" data-id=\"6645f19\" data-element_type=\"section\">\n\t\t\t\t\t\t<div class=\"elementor-container elementor-column-gap-default\">\n\t\t\t\t\t<div class=\"elementor-column elementor-col-100 elementor-top-column elementor-element elementor-element-4411786\" data-id=\"4411786\" data-element_type=\"column\">\n\t\t\t<div class=\"elementor-widget-wrap elementor-element-populated\">\n\t\t\t\t\t\t\t\t<div class=\"elementor-element elementor-element-3801d24 elementor-widget elementor-widget-text-editor\" data-id=\"3801d24\" data-element_type=\"widget\" data-widget_type=\"text-editor.default\">\n\t\t\t\t<div class=\"elementor-widget-container\">\n\t\t\t\t\t\t\t<h1 style=\"text-align: justify;\"><strong>ATRIBUI\u00c7\u00d5ES DA SECRETARIA DA EDUCA\u00c7\u00c3O<\/strong><\/h1><p>\u00a0<\/p><p>A SECRETARIA MUNICIPAL DE EDUCA\u00c7\u00c3O, \u00f3rg\u00e3o de administra\u00e7\u00e3o espec\u00edfica, com sua estrutura prevista no art. 1\u00ba, inciso II, al\u00edneas &#8220;a&#8221; a &#8220;e&#8221; desta Lei \u00e9 a unidade encarregada de garantir a universaliza\u00e7\u00e3o do ensino fundamental, al\u00e9m de organizar e coordenar o sistema educacional do Munic\u00edpio obedecendo \u00e0s normas da Lei de Diretrizes e Bases da Educa\u00e7\u00e3o &#8211; LDB, com as seguintes atribui\u00e7\u00f5es:<\/p><p>I &#8211; cuidar da atualiza\u00e7\u00e3o dos docentes, vinculado esta forma\u00e7\u00e3o aos planos de carreira;<\/p><p>II &#8211; baixar normas complementares para o sistema de ensino;<\/p><p>III &#8211; estudar e sugerir medidas que visem a expans\u00e3o e aperfei\u00e7oamento do ensino no Munic\u00edpio;<\/p><p>IV &#8211; interpretar e aplicar as normas da legisla\u00e7\u00e3o em vigor nas \u00e1reas de educa\u00e7\u00e3o;<\/p><p>V &#8211; representar nos conselhos relacionados com suas \u00e1reas de atua\u00e7\u00e3o.<\/p><p><strong>Art. 16<\/strong>\u00a0A Se\u00e7\u00e3o de Apoio Administrativo fica encarregada de secretariar diretamente o Secret\u00e1rio Municipal de Educa\u00e7\u00e3o nas atividades de expediente, tais como:<\/p><p>I &#8211; elabora\u00e7\u00e3o, digita\u00e7\u00e3o, expedi\u00e7\u00e3o e arquivamento de correspond\u00eancias e documentos afins;<\/p><p>II &#8211; controle de conv\u00eanios;<\/p><p>III &#8211; elabora\u00e7\u00e3o de presta\u00e7\u00f5es de contas de recursos externos recebidos, aplicados em projetos ou programas da Secretaria;<\/p><p>IV &#8211; arquivamento de todos os documentos escolares que devam ter guarda permanente obrigat\u00f3ria;<\/p><p>V &#8211; disponibilizar, para a Contabilidade, relat\u00f3rios da Secretaria necess\u00e1rios \u00e0 presta\u00e7\u00e3o de contas anual do agente gestor dos recursos da educa\u00e7\u00e3o;<\/p><p>VI &#8211; se inteirar mensalmente da situa\u00e7\u00e3o das despesas com educa\u00e7\u00e3o em rela\u00e7\u00e3o \u00e0s exig\u00eancias do art. 212 da Constitui\u00e7\u00e3o Federal e Lei Federal N\u00ba\u00a0<a href=\"http:\/\/www.planalto.gov.br\/ccivil_03\/LEIS\/L9424compilado.htm\" data-id=\"85987\" data-toggle=\"tooltip\" data-original-title=\" Data da Norma: 24.12.1996 - Disp\u00f5e sobre o Fundo de Manuten\u00e7\u00e3o e Desenvolvimento do Ensino Fundamental e de Valoriza\u00e7\u00e3o do Magist\u00e9rio, na forma prevista no art. 60, \u00a7 7\u00ba, do Ato das Disposi\u00e7\u00f5es Constitucionais Transit\u00f3rias, e d\u00e1 outras provid\u00eancias.\">9.424<\/a>\/96, passando-a ao Secret\u00e1rio de Educa\u00e7\u00e3o e ao Conselho de Acompanhamento e Controle Social do FUNDEF;<\/p><p>VII &#8211; outras afins.<\/p><p><strong>Art. 17<\/strong>\u00a0O Departamento de Ensino tem entre suas atribui\u00e7\u00f5es:<\/p><p>I &#8211; recensear a popula\u00e7\u00e3o com idade escolar para o ensino fundamental e os jovens e adultos que a ele n\u00e3o tiveram acesso;<\/p><p>II &#8211; fazer-lhes a chamada p\u00fablica;<\/p><p>III &#8211; coordenar o processo de matr\u00edculas escolares;<\/p><p>IV &#8211; zelar, junto aos pais ou respons\u00e1veis, pela freq\u00fc\u00eancia \u00e0 escola;<\/p><p>V &#8211; exercer a\u00e7\u00e3o redistributiva em rela\u00e7\u00e3o \u00e0s escolas municipais;<\/p><p>VI &#8211; outras afins.<\/p><p><strong>Art. 18<\/strong>\u00a0A Se\u00e7\u00e3o de Supervis\u00e3o Escolar \u00e9 respons\u00e1vel por:<\/p><p>I &#8211; orientar o planejamento das escolas municipais preservando pelas diretrizes pol\u00edtico-pedag\u00f3gicas da Administra\u00e7\u00e3o Municipal;<\/p><p>II &#8211; supervisionar o funcionamento das escolas nos aspectos t\u00e9cnicos e administrativos fazendo cumprir as ordens de servi\u00e7os, combina\u00e7\u00f5es e normas regulamentares;<\/p><p>III &#8211; realizar avalia\u00e7\u00f5es coletivas e individuais peri\u00f3dicas com os professores;<\/p><p>IV &#8211; promover treinamento dos agentes educacionais;<\/p><p>V &#8211; outras atividades afins.<\/p><p><strong>Art. 19<\/strong>\u00a0A Se\u00e7\u00e3o de Apoio ao Estudante cuida de programas voltados a suprir car\u00eancias da popula\u00e7\u00e3o estudantil ou da infra-estrutura necess\u00e1ria ao regular atendimento dos estudantes, ficando encarregada de:<\/p><p>I &#8211; adquirir, estocar e distribuir merenda e material escolar;<\/p><p>II &#8211; organizar e controlar o sistema de transporte escolar;<\/p><p>III &#8211; outras atividades de apoio.<\/p><p><strong>Art. 20<\/strong>\u00a0\u00c0s Escolas e Centros Educacionais compete:<\/p><p>I &#8211; planejar e executar sua proposta pedag\u00f3gica;<\/p><p>II &#8211; administrar seu pessoal e seus recursos materiais e financeiros;<\/p><p>III &#8211; assegurar o cumprimento dos dias letivos e horas-aulas estabelecidas em lei;<\/p><p>IV &#8211; velar pelo plano de trabalho de cada docente;<\/p><p>V &#8211; zelar pela aprendizagem dos alunos;<\/p><p>VI &#8211; prover meios para recupera\u00e7\u00e3o de alunos de menor rendimento;<\/p><p>VII &#8211; articular-se com a fam\u00edlia e a comunidade, criando processos de integra\u00e7\u00e3o da sociedade com a escola;<\/p><p>VIII &#8211; informar aos pais e\/ou respons\u00e1veis sobre a freq\u00fc\u00eancia e o rendimento dos alunos, bem como sobre a execu\u00e7\u00e3o de sua proposta pedag\u00f3gica;<\/p><p>IX &#8211; outras atividades afins.<\/p>\t\t\t\t\t\t<\/div>\n\t\t\t\t<\/div>\n\t\t\t\t\t<\/div>\n\t\t<\/div>\n\t\t\t\t\t\t\t<\/div>\n\t\t<\/section>\n\t\t\t\t\t\t\t<\/div>\n\t\t","protected":false},"excerpt":{"rendered":"<p>Secretaria Municipal da Educa\u00e7\u00e3o Secret\u00e1ria: Christiane Raquel Ravanello CastilhosEndere\u00e7o: Centro Administrativo Municipal&nbsp;Av. Jo\u00e3o Luiz Billig, 27 &#8211; Centro Hor\u00e1rio de Atendimento: Segunda a Sexta-feira \u2013 7h45<span class=\"excerpt-hellip\"> [\u2026]<\/span><\/p>\n","protected":false},"author":1,"featured_media":0,"parent":0,"menu_order":0,"comment_status":"closed","ping_status":"closed","template":"","meta":[],"_links":{"self":[{"href":"https:\/\/estrelavelha.rs.gov.br\/portal\/wp-json\/wp\/v2\/pages\/2440"}],"collection":[{"href":"https:\/\/estrelavelha.rs.gov.br\/portal\/wp-json\/wp\/v2\/pages"}],"about":[{"href":"https:\/\/estrelavelha.rs.gov.br\/portal\/wp-json\/wp\/v2\/types\/page"}],"author":[{"embeddable":true,"href":"https:\/\/estrelavelha.rs.gov.br\/portal\/wp-json\/wp\/v2\/users\/1"}],"replies":[{"embeddable":true,"href":"https:\/\/estrelavelha.rs.gov.br\/portal\/wp-json\/wp\/v2\/comments?post=2440"}],"version-history":[{"count":25,"href":"https:\/\/estrelavelha.rs.gov.br\/portal\/wp-json\/wp\/v2\/pages\/2440\/revisions"}],"predecessor-version":[{"id":7039,"href":"https:\/\/estrelavelha.rs.gov.br\/portal\/wp-json\/wp\/v2\/pages\/2440\/revisions\/7039"}],"wp:attachment":[{"href":"https:\/\/estrelavelha.rs.gov.br\/portal\/wp-json\/wp\/v2\/media?parent=2440"}],"curies":[{"name":"wp","href":"https:\/\/api.w.org\/{rel}","templated":true}]}}