{"id":2417,"date":"2018-08-09T15:14:12","date_gmt":"2018-08-09T18:14:12","guid":{"rendered":"http:\/\/estrelavelha.rs.gov.br\/portal\/?page_id=2417"},"modified":"2026-02-24T16:45:36","modified_gmt":"2026-02-24T19:45:36","slug":"saude","status":"publish","type":"page","link":"https:\/\/estrelavelha.rs.gov.br\/portal\/saude\/","title":{"rendered":"Secretaria Municipal da Sa\u00fade"},"content":{"rendered":"<p><img decoding=\"async\" loading=\"lazy\" class=\"wp-image-7042  alignleft\" src=\"https:\/\/estrelavelha.rs.gov.br\/portal\/wp-content\/uploads\/2026\/02\/Vanessa-Mathias-Billig-\u2013-Secretaria-de-Saude-225x300.jpg\" alt=\"\" width=\"200\" height=\"267\" srcset=\"https:\/\/estrelavelha.rs.gov.br\/portal\/wp-content\/uploads\/2026\/02\/Vanessa-Mathias-Billig-\u2013-Secretaria-de-Saude-225x300.jpg 225w, https:\/\/estrelavelha.rs.gov.br\/portal\/wp-content\/uploads\/2026\/02\/Vanessa-Mathias-Billig-\u2013-Secretaria-de-Saude-109x146.jpg 109w, https:\/\/estrelavelha.rs.gov.br\/portal\/wp-content\/uploads\/2026\/02\/Vanessa-Mathias-Billig-\u2013-Secretaria-de-Saude-37x50.jpg 37w, https:\/\/estrelavelha.rs.gov.br\/portal\/wp-content\/uploads\/2026\/02\/Vanessa-Mathias-Billig-\u2013-Secretaria-de-Saude-56x75.jpg 56w, https:\/\/estrelavelha.rs.gov.br\/portal\/wp-content\/uploads\/2026\/02\/Vanessa-Mathias-Billig-\u2013-Secretaria-de-Saude.jpg 565w\" sizes=\"(max-width: 200px) 100vw, 200px\" \/><strong>Secretaria Municipal da Sa\u00fade<br \/>\n<\/strong><\/p>\n<p><strong>Secret\u00e1ria da Sa\u00fade:\u00a0<\/strong>Vanessa Mathias Billig<br \/>\n<strong>Endere\u00e7o:<\/strong> R. Georgina Williges Billig, 80<br \/>\n<strong>Hor\u00e1rio de Atendimento: <\/strong>Segunda a Sexta-feira \u2013 <u>7h45 \u00e0s 12h &#8211; 13h15 \u00e0s 17h<\/u>.<\/p>\n<p><strong>Telefone:<\/strong> (51) 9 9263-9554<br \/>\n<strong>Email:<\/strong> secsaudeev@terra.com.br ou saudeagenda@terra.com.br<\/p>\n<p style=\"text-align: justify;\"><strong>Atribui\u00e7\u00f5es:<br \/>\n<\/strong>A Secretaria Municipal de Sa\u00fade \u00e9 \u00f3rg\u00e3o de planejamento, coordena\u00e7\u00e3o, execu\u00e7\u00e3o, controle e avalia\u00e7\u00e3o de atividades do Munic\u00edpio, relacionadas a sa\u00fade, competindo-lhe:<\/p>\n<p style=\"text-align: justify;\">* Planejar, programar, elaborar e executar a pol\u00edtica de sa\u00fade do munic\u00edpio, conforme as diretrizes do SUS, no desenvolvimento de a\u00e7\u00f5es de promo\u00e7\u00e3o, prote\u00e7\u00e3o e recupera\u00e7\u00e3o da sa\u00fade da popula\u00e7\u00e3o;<br \/>\n* Estabelecer diretrizes e promover o desenvolvimento da pol\u00edtica municipal de sa\u00fade, por meio da formula\u00e7\u00e3o, execu\u00e7\u00e3o e acompanhamento do Plano Municipal de Sa\u00fade, de acordo com que estabelece a Lei Federal n\u00b0 8.080, de 19 de setembro de 1990;<br \/>\n* Executar a pol\u00edtica de sa\u00fade do munic\u00edpio com a\u00e7\u00f5es que visam garantir a preven\u00e7\u00e3o de doen\u00e7as, prote\u00e7\u00e3o e promo\u00e7\u00e3o da sa\u00fade da popula\u00e7\u00e3o;<br \/>\n* Atender de forma integral, universal e equ\u00e2nime, garantindo acesso da popula\u00e7\u00e3o a todos os n\u00edveis de servi\u00e7os, contemplando a\u00e7\u00f5es de promo\u00e7\u00e3o, prote\u00e7\u00e3o e recupera\u00e7\u00e3o da sa\u00fade;<br \/>\n* Definir o perfil demogr\u00e1fico e epidemiol\u00f3gico da popula\u00e7\u00e3o do munic\u00edpio, visando orientar a implanta\u00e7\u00e3o e implementa\u00e7\u00e3o dos servi\u00e7os de sa\u00fade;<br \/>\n* Garantir o que estabelece a Lei Federal n\u00ba. 8.142\/90 no que concerne ao pleno exerc\u00edcio do controle social pela popula\u00e7\u00e3o;<br \/>\n* Realizar as Confer\u00eancias Municipais de Sa\u00fade;<br \/>\n* Promover a vigil\u00e2ncia \u00e0 sa\u00fade, implantando e implementando a\u00e7\u00f5es e programas de vigil\u00e2ncia ambiental, epidemiol\u00f3gica e sanit\u00e1ria;<br \/>\n* Promover, no \u00e2mbito do munic\u00edpio, a fiscaliza\u00e7\u00e3o e o controle das condi\u00e7\u00f5es sanit\u00e1rias, de higiene, alimentos e medicamentos;<br \/>\n* Prestar servi\u00e7os ambulatoriais de aten\u00e7\u00e3o b\u00e1sica no n\u00edvel de compet\u00eancia do munic\u00edpio;<br \/>\n* Promover campanhas educativas e de preven\u00e7\u00e3o de doen\u00e7as e visando o bem estar da popula\u00e7\u00e3o;<br \/>\n* Desenvolver a\u00e7\u00f5es intersetoriais \u00a0para o desenvolvimento de programas conjuntos de promo\u00e7\u00e3o da sa\u00fade;<br \/>\n* Realizar projetos para capta\u00e7\u00e3o de recursos financeiros \u00a0junto aos entes federais e estaduais ;<br \/>\n* Desenvolver e implantar projetos e programas que sejam estrat\u00e9gicos para o SUS municipal;<br \/>\n* Promover e desenvolver, no munic\u00edpio, as a\u00e7\u00f5es concernentes \u00e0 aten\u00e7\u00e3o b\u00e1sica de acordo com as formula\u00e7\u00f5es emanadas pelos governos Federal, Estadual e Municipal;<br \/>\n* Capacitar e aperfei\u00e7oar os recursos humanos na \u00e1rea da sa\u00fade p\u00fablicas;<br \/>\n* Executar, no \u00e2mbito municipal, a pol\u00edtica de insumos e equipamentos para atender os servi\u00e7os de sa\u00fade;<\/p>\n<ul>\n<li>Administrar as Unidades em sa\u00fade sob responsabilidade do Munic\u00edpio;<\/li>\n<li>Planejar, programar, executar e controlar o or\u00e7amento da Secretaria;<\/li>\n<li>Executar outras tarefas afins.<\/li>\n<\/ul>\n<p><strong>Departamentos e Setores Vinculados:<\/strong><\/p>\n<p><strong>Unidade Sanit\u00e1ria da Sede \u2013 ESF 1<\/strong><br \/>\n<strong>Email:<\/strong> <a href=\"mailto:saudegeral@terra.com.br\">saudegeral@terra.com.br<\/a><br \/>\n<strong>Enfermeira Respons\u00e1vel<\/strong>: FERNANDA TROMBETA CARVALHO<br \/>\n<strong>M\u00e9dicos:<\/strong> RODRIGO GUIDOLIN DE ALMEIDA, GABRIELA LORENZI<br \/>\n<strong>Endere\u00e7o:<\/strong> R. Georgina Williges Billig, 80<br \/>\n<strong>Telefone:<\/strong> (51) 3616-7027<br \/>\n<strong>Hor\u00e1rio de Atendimento:<\/strong> <u>7h45min <\/u>\u00e0s <u>12h00min<\/u> &#8211; \u00a0<u>13h15min<\/u> \u00e0s<u> 17h00min<\/u><\/p>\n<p><strong>Unidade B\u00e1sica de Sa\u00fade de Rinc\u00e3o da Estrela<\/strong><br \/>\n<strong>Email:<\/strong> psfev@terra.com.br<br \/>\n<strong>Enfermeira Respons\u00e1vel:<\/strong> ALINE PAGINI CAMARGO<br \/>\n<strong>M\u00e9dico:<\/strong> VLADIMIR PEDROSO, GABRIELA LORENZI<br \/>\n<strong>Endere\u00e7o:<\/strong> DISTRITO DE RINC\u00c3O DA ESTRELA &#8211; INTERIOR<br \/>\n<strong>Telefone:<\/strong> (51) 3616-7004<br \/>\n<strong>Hor\u00e1rio de Atendimento:<\/strong> <u>7h45min <\/u>\u00e0s <u>12h00min<\/u> &#8211; \u00a0<u>13h15min<\/u> \u00e0s<u> 17h00min<\/u><\/p>\n<p><strong>Unidade:<\/strong> ESF 2<br \/>\n<strong>Enfermeira Respons\u00e1vel:<\/strong> SU\u00c9LLEN MIOTTO<br \/>\n<strong>M\u00e9dico:<\/strong> DUNAY ANTUNES DE OLIVEIRA, GABRIELA LORENZI<br \/>\n<strong>Endere\u00e7o:<\/strong> VILA ITA\u00daBA &#8211; INTERIOR<br \/>\n<strong>Telefone:<\/strong> ( 51) 3616-7314<br \/>\n<strong>Hor\u00e1rio de Atendimento:<\/strong> <u>7h45min <\/u>\u00e0s <u>12h00min<\/u> &#8211; \u00a0<u>13h15min<\/u> \u00e0s<u> 17h00min<\/u><\/p>\n<p><strong>Laborar\u00f3rio de An\u00e1lises Cl\u00ednicas Municipal<br \/>\nEmail:<\/strong> <a href=\"mailto:laborat\u00f3rio.ev@terra.com.br\">laborat\u00f3rio.ev@terra.com.br<\/a><\/p>\n<p><strong>Bioqu\u00edmica Respons\u00e1vel: <\/strong>Stella Spanevello<br \/>\n<strong>Endere\u00e7o: <\/strong>Rua Georgina Williges Billig<br \/>\n<strong>Telefone: <\/strong>51-3616-7027<\/p>\n<p><strong>Conselho vinculado:\u00a0<\/strong>Conselho Municipal de Sa\u00fade<br \/>\n<strong>Presidente<\/strong>: LUCIANE CASSOL BURIOL<br \/>\nContato:51 3616-7025<\/p>\n","protected":false},"excerpt":{"rendered":"<p>Secretaria Municipal da Sa\u00fade Secret\u00e1ria da Sa\u00fade:\u00a0Vanessa Mathias Billig Endere\u00e7o: R. Georgina Williges Billig, 80 Hor\u00e1rio de Atendimento: Segunda a Sexta-feira \u2013 7h45 \u00e0s 12h &#8211;<span class=\"excerpt-hellip\"> [\u2026]<\/span><\/p>\n","protected":false},"author":1,"featured_media":0,"parent":0,"menu_order":0,"comment_status":"closed","ping_status":"closed","template":"","meta":[],"_links":{"self":[{"href":"https:\/\/estrelavelha.rs.gov.br\/portal\/wp-json\/wp\/v2\/pages\/2417"}],"collection":[{"href":"https:\/\/estrelavelha.rs.gov.br\/portal\/wp-json\/wp\/v2\/pages"}],"about":[{"href":"https:\/\/estrelavelha.rs.gov.br\/portal\/wp-json\/wp\/v2\/types\/page"}],"author":[{"embeddable":true,"href":"https:\/\/estrelavelha.rs.gov.br\/portal\/wp-json\/wp\/v2\/users\/1"}],"replies":[{"embeddable":true,"href":"https:\/\/estrelavelha.rs.gov.br\/portal\/wp-json\/wp\/v2\/comments?post=2417"}],"version-history":[{"count":20,"href":"https:\/\/estrelavelha.rs.gov.br\/portal\/wp-json\/wp\/v2\/pages\/2417\/revisions"}],"predecessor-version":[{"id":7044,"href":"https:\/\/estrelavelha.rs.gov.br\/portal\/wp-json\/wp\/v2\/pages\/2417\/revisions\/7044"}],"wp:attachment":[{"href":"https:\/\/estrelavelha.rs.gov.br\/portal\/wp-json\/wp\/v2\/media?parent=2417"}],"curies":[{"name":"wp","href":"https:\/\/api.w.org\/{rel}","templated":true}]}}