{"id":2370,"date":"2018-07-03T17:01:07","date_gmt":"2018-07-03T20:01:07","guid":{"rendered":"http:\/\/estrelavelha.rs.gov.br\/portal\/?page_id=2370"},"modified":"2021-02-11T15:38:57","modified_gmt":"2021-02-11T18:38:57","slug":"historico","status":"publish","type":"page","link":"https:\/\/estrelavelha.rs.gov.br\/portal\/historico\/","title":{"rendered":"Hist\u00f3rico"},"content":{"rendered":"<p><img decoding=\"async\" loading=\"lazy\" class=\"size-medium wp-image-3285 aligncenter\" src=\"https:\/\/estrelavelha.rs.gov.br\/portal\/wp-content\/uploads\/2021\/02\/WhatsApp-Image-2021-02-11-at-15.33.22-300x225.jpeg\" alt=\"\" width=\"300\" height=\"225\" srcset=\"https:\/\/estrelavelha.rs.gov.br\/portal\/wp-content\/uploads\/2021\/02\/WhatsApp-Image-2021-02-11-at-15.33.22-300x225.jpeg 300w, https:\/\/estrelavelha.rs.gov.br\/portal\/wp-content\/uploads\/2021\/02\/WhatsApp-Image-2021-02-11-at-15.33.22-1024x768.jpeg 1024w, https:\/\/estrelavelha.rs.gov.br\/portal\/wp-content\/uploads\/2021\/02\/WhatsApp-Image-2021-02-11-at-15.33.22-768x576.jpeg 768w, https:\/\/estrelavelha.rs.gov.br\/portal\/wp-content\/uploads\/2021\/02\/WhatsApp-Image-2021-02-11-at-15.33.22-195x146.jpeg 195w, https:\/\/estrelavelha.rs.gov.br\/portal\/wp-content\/uploads\/2021\/02\/WhatsApp-Image-2021-02-11-at-15.33.22-50x38.jpeg 50w, https:\/\/estrelavelha.rs.gov.br\/portal\/wp-content\/uploads\/2021\/02\/WhatsApp-Image-2021-02-11-at-15.33.22-100x75.jpeg 100w, https:\/\/estrelavelha.rs.gov.br\/portal\/wp-content\/uploads\/2021\/02\/WhatsApp-Image-2021-02-11-at-15.33.22.jpeg 1152w\" sizes=\"(max-width: 300px) 100vw, 300px\" \/>A origem do nome Estrela Velha remonta a \u00e9poca de 1920 quando foi constru\u00edda, para fins de estabelecimento comercial, uma casa grande, sobre uma colina, em um lugar vis\u00edvel \u00e1 consider\u00e1vel dist\u00e2ncia. Na fachada dessa casa estava fixado um escudo em forma de estrela, tal escudo havia sido encontrado ao serem realizadas escava\u00e7\u00f5es para a constru\u00e7\u00e3o desta casa.<\/p>\n<p>Foi deixado neste local por combatentes que durante revolu\u00e7\u00f5es, estiveram ali acampados, visto ser esta regi\u00e3o rodeada por \u00e1gua, fator esse que os protegia por dificultar o acesso inesperado do inimigo.<\/p>\n<p>A casa branca da estrela sempre serviu de estabelecimento comercial, tornando-se assim, ponto de refer\u00eancia para moradores dos arredores e para viajantes que cruzavam estas paragens, uma vez que estava localizada \u00e0 beira de uma estrada geral.<\/p>\n<p>A emancipa\u00e7\u00e3o ocorreu em 28 de Dezembro de 1995, com a Lei de Cria\u00e7\u00e3o n\u00famero 10.644, passando a funcionar administrativamente a partir de 1 de janeiro de 1997.<\/p>\n<p><a href=\"http:\/\/estrelavelha.rs.gov.br\/pdf\/leis\/10.644.pdf\" target=\"_blank\" rel=\"noopener noreferrer\">Lei n\u00b0 10644 de 28 de dezembro de 1995 &#8211; cria o munic\u00edpio de Estrela Velha &#8211; RS.<\/a><\/p>\n<p><a href=\"http:\/\/estrelavelha.rs.gov.br\/pdf\/leis\/Publica%c3%a7%c3%a3oLeiCria%c3%a7%c3%a3oEstrelaVelhaDOE.pdf\" target=\"_blank\" rel=\"noopener noreferrer\">Publica\u00e7\u00e3o Di\u00e1rio Oficial do Estado.<\/a><\/p>\n<p>\u00a0<\/p>\n\n\n<p><\/p>\n","protected":false},"excerpt":{"rendered":"<p>A origem do nome Estrela Velha remonta a \u00e9poca de 1920 quando foi constru\u00edda, para fins de estabelecimento comercial, uma casa grande, sobre uma colina, em<span class=\"excerpt-hellip\"> [\u2026]<\/span><\/p>\n","protected":false},"author":1,"featured_media":0,"parent":0,"menu_order":0,"comment_status":"closed","ping_status":"closed","template":"","meta":[],"_links":{"self":[{"href":"https:\/\/estrelavelha.rs.gov.br\/portal\/wp-json\/wp\/v2\/pages\/2370"}],"collection":[{"href":"https:\/\/estrelavelha.rs.gov.br\/portal\/wp-json\/wp\/v2\/pages"}],"about":[{"href":"https:\/\/estrelavelha.rs.gov.br\/portal\/wp-json\/wp\/v2\/types\/page"}],"author":[{"embeddable":true,"href":"https:\/\/estrelavelha.rs.gov.br\/portal\/wp-json\/wp\/v2\/users\/1"}],"replies":[{"embeddable":true,"href":"https:\/\/estrelavelha.rs.gov.br\/portal\/wp-json\/wp\/v2\/comments?post=2370"}],"version-history":[{"count":4,"href":"https:\/\/estrelavelha.rs.gov.br\/portal\/wp-json\/wp\/v2\/pages\/2370\/revisions"}],"predecessor-version":[{"id":3286,"href":"https:\/\/estrelavelha.rs.gov.br\/portal\/wp-json\/wp\/v2\/pages\/2370\/revisions\/3286"}],"wp:attachment":[{"href":"https:\/\/estrelavelha.rs.gov.br\/portal\/wp-json\/wp\/v2\/media?parent=2370"}],"curies":[{"name":"wp","href":"https:\/\/api.w.org\/{rel}","templated":true}]}}